{"id":525951,"date":"2024-12-08T17:19:29","date_gmt":"2024-12-08T16:19:29","guid":{"rendered":"https:\/\/leregardlibre.com\/?post_type=product&#038;p=525951"},"modified":"2025-06-02T21:47:02","modified_gmt":"2025-06-02T19:47:02","slug":"le-regard-libre-n112-dossier-valeur-age","status":"publish","type":"product","link":"https:\/\/leregardlibre.com\/en\/product\/le-regard-libre-n112-dossier-valeur-age\/","title":{"rendered":"Le Regard Libre N\u00b0112 | Dossier \u00abThe value of age\u00bb.\u00bb"},"content":{"rendered":"<p><em>Le Regard Libre<\/em> N\u00b0112 | Feature \u00abThe value of age\u00bb<br \/>\nPaper copy<br \/>\nDecember 2024 edition<br \/>\nChic paper magazine format<\/p>\n<hr \/>\n<p class=\"p1\"><strong><span class=\"s1\">Opinions and reflections<br \/>\n<\/span><\/strong><\/p>\n<p class=\"p1\"><span class=\"s1\">05<\/span> Editorial: A special issue before a year 2025 full of novelties<br \/>\n<span class=\"s1\">07<\/span> Pascal Couchepin's reading: Bruno Tertrais, <i>Pax atomica?<br \/>\n<\/i><span class=\"s1\">09<\/span> Ralph M\u00fcller's cartridge: Horizontal authority<br \/>\n<span class=\"s1\">10<\/span> <span class=\"s2\">Alain Finkielkraut: \u00abI reproach the present for leaving no room for admiration\u00bb.\u00bb<br \/>\n<\/span><span class=\"s1\">14<\/span> <span class=\"s2\">The American dream in the wake of the presidential election<br \/>\n<\/span><span class=\"s1\">20<\/span> The transformation of Switzerland between 1847 and 1920<\/p>\n<p class=\"p3\"><strong><span class=\"s1\">Dossier: The value of age<br \/>\n<\/span><\/strong><\/p>\n<p class=\"p1\"><span class=\"s1\">24<\/span> Fr\u00e9d\u00e9ric Tadde\u00ef: \u00abAge is the blind spot of history\u00bb.\u00bb<br \/>\n<span class=\"s1\">30<\/span> Young leaders, old pitfalls<br \/>\n<span class=\"s1\">32<\/span> The 19th century<sup>th<\/sup>\u00a0century or the rise of a rebellious youth<br \/>\n<span class=\"s1\">34<\/span> The three pillars of <i>silver economy<br \/>\n<\/i><span class=\"s1\">37<\/span> Seven unsuspected facts about old age<\/p>\n<p class=\"p1\"><strong><span class=\"s1\">Cultural news<br \/>\n<\/span><\/strong><\/p>\n<p class=\"p1\"><span class=\"s1\">40<\/span> Riefenstahl, the damnation of the German soul<br \/>\n<span class=\"s1\">42<\/span> Villains are his great passion<br \/>\n<span class=\"s1\">44<\/span> The worrying disappearance of the reader<br \/>\n<span class=\"s1\">45<\/span> Douglas Kennedy questions the America that divides him<br \/>\n<span class=\"s1\">48<\/span> \u00abFor 400 years, Catholics had almost no rights in Ireland\u00bb.\u00bb<\/p>\n<p class=\"p1\"><strong><span class=\"s1\">End of magazine events<br \/>\n<\/span><\/strong>52 Bernard L\u00e9chot's photo essay: Smoking waters<br \/>\n58 La nuit du G\u00fctsch, unpublished novel by Andr\u00e9 Durussel (10\/10)<br \/>\n63 Theodor Wildt's development notebooks (5\/10)<br \/>\n64 In brief: Some news about wokism<br \/>\n66 Subscription link and sponsorship form<br \/>\n68 Quotes<\/p>\n<p class=\"p1\"><a href=\"https:\/\/leregardlibre.com\/en\/cpt-editions\/le-regard-libre-n111-dossier-liberalisme\/\"><em>Back to previous edition<\/em><\/a><\/p>","protected":false},"excerpt":{"rendered":"<p>Le Regard Libre N\u00b0112 | Dossier \u00abLa valeur de l\u2019\u00e2ge\u00bb Exemplaire papier Edition de d\u00e9cembre 2024 Format magazine papier chic&#8230;<\/p>","protected":false},"featured_media":526031,"comment_status":"open","ping_status":"closed","template":"","meta":{"_acf_changed":false},"product_brand":[],"product_cat":[644340392],"product_tag":[],"class_list":{"0":"post-525951","1":"product","2":"type-product","3":"status-publish","4":"has-post-thumbnail","6":"product_cat-numeros","8":"first","9":"instock","10":"shipping-taxable","11":"purchasable","12":"product-type-variable"},"acf":[],"yoast_head":"<!-- This site is optimized with the Yoast SEO Premium plugin v27.4 (Yoast SEO v27.4) - https:\/\/yoast.com\/product\/yoast-seo-premium-wordpress\/ -->\n<title>Le Regard Libre N\u00b0112 | Dossier \u00abLa valeur de l\u2019\u00e2ge\u00bb<\/title>\n<meta name=\"robots\" content=\"index, follow, max-snippet:-1, max-image-preview:large, max-video-preview:-1\" \/>\n<link rel=\"canonical\" href=\"https:\/\/leregardlibre.com\/en\/product\/le-regard-libre-n112-dossier-valeur-age\/\" \/>\n<meta property=\"og:locale\" content=\"en_US\" \/>\n<meta property=\"og:type\" content=\"article\" \/>\n<meta property=\"og:title\" content=\"Le Regard Libre N\u00b0112 | Dossier \u00abLa valeur de l\u2019\u00e2ge\u00bb\" \/>\n<meta property=\"og:description\" content=\"Le Regard Libre N\u00b0112 | Dossier \u00abLa valeur de l\u2019\u00e2ge\u00bb Exemplaire papier Edition de d\u00e9cembre 2024 Format magazine papier chic...\" \/>\n<meta property=\"og:url\" content=\"https:\/\/leregardlibre.com\/en\/product\/le-regard-libre-n112-dossier-valeur-age\/\" \/>\n<meta property=\"og:site_name\" content=\"Le Regard Libre\" \/>\n<meta property=\"article:publisher\" content=\"https:\/\/www.facebook.com\/leregardlibre\/\" \/>\n<meta property=\"article:modified_time\" content=\"2025-06-02T19:47:02+00:00\" \/>\n<meta property=\"og:image\" content=\"https:\/\/leregardlibre.com\/wp-content\/uploads\/2024\/12\/une-le-regard-libre-n112-e1734338862347.jpg\" \/>\n\t<meta property=\"og:image:width\" content=\"1920\" \/>\n\t<meta property=\"og:image:height\" content=\"2716\" \/>\n\t<meta property=\"og:image:type\" content=\"image\/jpeg\" \/>\n<meta name=\"twitter:card\" content=\"summary_large_image\" \/>\n<meta name=\"twitter:site\" content=\"@LeRegardLibre\" \/>\n<meta name=\"twitter:label1\" content=\"Est. reading time\" \/>\n\t<meta name=\"twitter:data1\" content=\"2 minutes\" \/>\n<script type=\"application\/ld+json\" class=\"yoast-schema-graph\">{\"@context\":\"https:\\\/\\\/schema.org\",\"@graph\":[{\"@type\":\"WebPage\",\"@id\":\"https:\\\/\\\/leregardlibre.com\\\/produit\\\/le-regard-libre-n112-dossier-valeur-age\\\/\",\"url\":\"https:\\\/\\\/leregardlibre.com\\\/produit\\\/le-regard-libre-n112-dossier-valeur-age\\\/\",\"name\":\"Le Regard Libre N\u00b0112 | Dossier \u00abLa valeur de l\u2019\u00e2ge\u00bb\",\"isPartOf\":{\"@id\":\"https:\\\/\\\/leregardlibre.com\\\/#website\"},\"primaryImageOfPage\":{\"@id\":\"https:\\\/\\\/leregardlibre.com\\\/produit\\\/le-regard-libre-n112-dossier-valeur-age\\\/#primaryimage\"},\"image\":{\"@id\":\"https:\\\/\\\/leregardlibre.com\\\/produit\\\/le-regard-libre-n112-dossier-valeur-age\\\/#primaryimage\"},\"thumbnailUrl\":\"https:\\\/\\\/leregardlibre.com\\\/wp-content\\\/uploads\\\/2024\\\/12\\\/une-le-regard-libre-n112-e1734338862347.jpg\",\"datePublished\":\"2024-12-08T16:19:29+00:00\",\"dateModified\":\"2025-06-02T19:47:02+00:00\",\"breadcrumb\":{\"@id\":\"https:\\\/\\\/leregardlibre.com\\\/produit\\\/le-regard-libre-n112-dossier-valeur-age\\\/#breadcrumb\"},\"inLanguage\":\"en-US\",\"potentialAction\":[{\"@type\":\"ReadAction\",\"target\":[\"https:\\\/\\\/leregardlibre.com\\\/produit\\\/le-regard-libre-n112-dossier-valeur-age\\\/\"]}]},{\"@type\":\"ImageObject\",\"inLanguage\":\"en-US\",\"@id\":\"https:\\\/\\\/leregardlibre.com\\\/produit\\\/le-regard-libre-n112-dossier-valeur-age\\\/#primaryimage\",\"url\":\"https:\\\/\\\/leregardlibre.com\\\/wp-content\\\/uploads\\\/2024\\\/12\\\/une-le-regard-libre-n112-e1734338862347.jpg\",\"contentUrl\":\"https:\\\/\\\/leregardlibre.com\\\/wp-content\\\/uploads\\\/2024\\\/12\\\/une-le-regard-libre-n112-e1734338862347.jpg\",\"width\":1920,\"height\":2716,\"caption\":\"Une Le Regard Libre N\u00b0112\"},{\"@type\":\"BreadcrumbList\",\"@id\":\"https:\\\/\\\/leregardlibre.com\\\/produit\\\/le-regard-libre-n112-dossier-valeur-age\\\/#breadcrumb\",\"itemListElement\":[{\"@type\":\"ListItem\",\"position\":1,\"name\":\"Accueil\",\"item\":\"https:\\\/\\\/leregardlibre.com\\\/\"},{\"@type\":\"ListItem\",\"position\":2,\"name\":\"Boutique\",\"item\":\"https:\\\/\\\/leregardlibre.com\\\/boutique\\\/\"},{\"@type\":\"ListItem\",\"position\":3,\"name\":\"Le Regard Libre N\u00b0112 | Dossier \u00abLa valeur de l\u2019\u00e2ge\u00bb\"}]},{\"@type\":\"WebSite\",\"@id\":\"https:\\\/\\\/leregardlibre.com\\\/#website\",\"url\":\"https:\\\/\\\/leregardlibre.com\\\/\",\"name\":\"Le Regard Libre\",\"description\":\"Premier mensuel suisse de d\u00e9bat\",\"publisher\":{\"@id\":\"https:\\\/\\\/leregardlibre.com\\\/#organization\"},\"potentialAction\":[{\"@type\":\"SearchAction\",\"target\":{\"@type\":\"EntryPoint\",\"urlTemplate\":\"https:\\\/\\\/leregardlibre.com\\\/?s={search_term_string}\"},\"query-input\":{\"@type\":\"PropertyValueSpecification\",\"valueRequired\":true,\"valueName\":\"search_term_string\"}}],\"inLanguage\":\"en-US\"},{\"@type\":\"Organization\",\"@id\":\"https:\\\/\\\/leregardlibre.com\\\/#organization\",\"name\":\"Le Regard Libre\",\"url\":\"https:\\\/\\\/leregardlibre.com\\\/\",\"logo\":{\"@type\":\"ImageObject\",\"inLanguage\":\"en-US\",\"@id\":\"https:\\\/\\\/leregardlibre.com\\\/#\\\/schema\\\/logo\\\/image\\\/\",\"url\":\"https:\\\/\\\/leregardlibre.com\\\/wp-content\\\/uploads\\\/2025\\\/08\\\/logo-rl-icone-neg.jpeg\",\"contentUrl\":\"https:\\\/\\\/leregardlibre.com\\\/wp-content\\\/uploads\\\/2025\\\/08\\\/logo-rl-icone-neg.jpeg\",\"width\":557,\"height\":556,\"caption\":\"Le Regard Libre\"},\"image\":{\"@id\":\"https:\\\/\\\/leregardlibre.com\\\/#\\\/schema\\\/logo\\\/image\\\/\"},\"sameAs\":[\"https:\\\/\\\/www.facebook.com\\\/leregardlibre\\\/\",\"https:\\\/\\\/x.com\\\/LeRegardLibre\",\"https:\\\/\\\/www.linkedin.com\\\/company\\\/le-regard-libre\",\"https:\\\/\\\/www.instagram.com\\\/leregardlibre\\\/\",\"http:\\\/\\\/t.me\\\/leregardlibre\",\"https:\\\/\\\/youtube.com\\\/channel\\\/UC6HzGPomj1LsUmlz-sJtITQ\"],\"description\":\"Le Regard Libre est un mensuel suisse de d\u00e9bat intellectuel et culturel. Sa r\u00e9daction est jeune, b\u00e9n\u00e9vole, lib\u00e9rale et pluraliste. Le magazine para\u00eet en ligne et sous forme papier. Sa langue est le fran\u00e7ais.\",\"email\":\"redaction@leregardlibre.com\",\"legalName\":\"Le Regard Libre\",\"foundingDate\":\"2014-01-01\",\"numberOfEmployees\":{\"@type\":\"QuantitativeValue\",\"minValue\":\"11\",\"maxValue\":\"50\"},\"publishingPrinciples\":\"https:\\\/\\\/leregardlibre.com\\\/a-propos\\\/notre-manifeste\\\/\",\"ownershipFundingInfo\":\"https:\\\/\\\/leregardlibre.com\\\/mentions-legales\\\/\",\"actionableFeedbackPolicy\":\"https:\\\/\\\/leregardlibre.com\\\/conditions-generales-de-vente\\\/\"}]}<\/script>\n<!-- \/ Yoast SEO Premium plugin. -->","yoast_head_json":{"title":"Le Regard Libre N\u00b0112 | Dossier \u00abThe value of age\u00bb.\u00bb","robots":{"index":"index","follow":"follow","max-snippet":"max-snippet:-1","max-image-preview":"max-image-preview:large","max-video-preview":"max-video-preview:-1"},"canonical":"https:\/\/leregardlibre.com\/en\/product\/le-regard-libre-n112-dossier-valeur-age\/","og_locale":"en_US","og_type":"article","og_title":"Le Regard Libre N\u00b0112 | Dossier \u00abLa valeur de l\u2019\u00e2ge\u00bb","og_description":"Le Regard Libre N\u00b0112 | Dossier \u00abLa valeur de l\u2019\u00e2ge\u00bb Exemplaire papier Edition de d\u00e9cembre 2024 Format magazine papier chic...","og_url":"https:\/\/leregardlibre.com\/en\/product\/le-regard-libre-n112-dossier-valeur-age\/","og_site_name":"Le Regard Libre","article_publisher":"https:\/\/www.facebook.com\/leregardlibre\/","article_modified_time":"2025-06-02T19:47:02+00:00","og_image":[{"width":1920,"height":2716,"url":"https:\/\/leregardlibre.com\/wp-content\/uploads\/2024\/12\/une-le-regard-libre-n112-e1734338862347.jpg","type":"image\/jpeg"}],"twitter_card":"summary_large_image","twitter_site":"@LeRegardLibre","twitter_misc":{"Est. reading time":"2 minutes"},"schema":{"@context":"https:\/\/schema.org","@graph":[{"@type":"WebPage","@id":"https:\/\/leregardlibre.com\/produit\/le-regard-libre-n112-dossier-valeur-age\/","url":"https:\/\/leregardlibre.com\/produit\/le-regard-libre-n112-dossier-valeur-age\/","name":"Le Regard Libre N\u00b0112 | Dossier \u00abThe value of age\u00bb.\u00bb","isPartOf":{"@id":"https:\/\/leregardlibre.com\/#website"},"primaryImageOfPage":{"@id":"https:\/\/leregardlibre.com\/produit\/le-regard-libre-n112-dossier-valeur-age\/#primaryimage"},"image":{"@id":"https:\/\/leregardlibre.com\/produit\/le-regard-libre-n112-dossier-valeur-age\/#primaryimage"},"thumbnailUrl":"https:\/\/leregardlibre.com\/wp-content\/uploads\/2024\/12\/une-le-regard-libre-n112-e1734338862347.jpg","datePublished":"2024-12-08T16:19:29+00:00","dateModified":"2025-06-02T19:47:02+00:00","breadcrumb":{"@id":"https:\/\/leregardlibre.com\/produit\/le-regard-libre-n112-dossier-valeur-age\/#breadcrumb"},"inLanguage":"en-US","potentialAction":[{"@type":"ReadAction","target":["https:\/\/leregardlibre.com\/produit\/le-regard-libre-n112-dossier-valeur-age\/"]}]},{"@type":"ImageObject","inLanguage":"en-US","@id":"https:\/\/leregardlibre.com\/produit\/le-regard-libre-n112-dossier-valeur-age\/#primaryimage","url":"https:\/\/leregardlibre.com\/wp-content\/uploads\/2024\/12\/une-le-regard-libre-n112-e1734338862347.jpg","contentUrl":"https:\/\/leregardlibre.com\/wp-content\/uploads\/2024\/12\/une-le-regard-libre-n112-e1734338862347.jpg","width":1920,"height":2716,"caption":"Une Le Regard Libre N\u00b0112"},{"@type":"BreadcrumbList","@id":"https:\/\/leregardlibre.com\/produit\/le-regard-libre-n112-dossier-valeur-age\/#breadcrumb","itemListElement":[{"@type":"ListItem","position":1,"name":"Accueil","item":"https:\/\/leregardlibre.com\/"},{"@type":"ListItem","position":2,"name":"Boutique","item":"https:\/\/leregardlibre.com\/boutique\/"},{"@type":"ListItem","position":3,"name":"Le Regard Libre N\u00b0112 | Dossier \u00abLa valeur de l\u2019\u00e2ge\u00bb"}]},{"@type":"WebSite","@id":"https:\/\/leregardlibre.com\/#website","url":"https:\/\/leregardlibre.com\/","name":"Le Regard Libre","description":"Switzerland's first monthly debate magazine","publisher":{"@id":"https:\/\/leregardlibre.com\/#organization"},"potentialAction":[{"@type":"SearchAction","target":{"@type":"EntryPoint","urlTemplate":"https:\/\/leregardlibre.com\/?s={search_term_string}"},"query-input":{"@type":"PropertyValueSpecification","valueRequired":true,"valueName":"search_term_string"}}],"inLanguage":"en-US"},{"@type":"Organization","@id":"https:\/\/leregardlibre.com\/#organization","name":"Le Regard Libre","url":"https:\/\/leregardlibre.com\/","logo":{"@type":"ImageObject","inLanguage":"en-US","@id":"https:\/\/leregardlibre.com\/#\/schema\/logo\/image\/","url":"https:\/\/leregardlibre.com\/wp-content\/uploads\/2025\/08\/logo-rl-icone-neg.jpeg","contentUrl":"https:\/\/leregardlibre.com\/wp-content\/uploads\/2025\/08\/logo-rl-icone-neg.jpeg","width":557,"height":556,"caption":"Le Regard Libre"},"image":{"@id":"https:\/\/leregardlibre.com\/#\/schema\/logo\/image\/"},"sameAs":["https:\/\/www.facebook.com\/leregardlibre\/","https:\/\/x.com\/LeRegardLibre","https:\/\/www.linkedin.com\/company\/le-regard-libre","https:\/\/www.instagram.com\/leregardlibre\/","http:\/\/t.me\/leregardlibre","https:\/\/youtube.com\/channel\/UC6HzGPomj1LsUmlz-sJtITQ"],"description":"Le Regard Libre is a Swiss monthly magazine for intellectual and cultural debate. Its editorial team is young, voluntary, liberal and pluralist. The magazine appears online and in print. Its language is French.","email":"redaction@leregardlibre.com","legalName":"Le Regard Libre","foundingDate":"2014-01-01","numberOfEmployees":{"@type":"QuantitativeValue","minValue":"11","maxValue":"50"},"publishingPrinciples":"https:\/\/leregardlibre.com\/a-propos\/notre-manifeste\/","ownershipFundingInfo":"https:\/\/leregardlibre.com\/mentions-legales\/","actionableFeedbackPolicy":"https:\/\/leregardlibre.com\/conditions-generales-de-vente\/"}]}},"_links":{"self":[{"href":"https:\/\/leregardlibre.com\/en\/wp-json\/wp\/v2\/product\/525951","targetHints":{"allow":["GET"]}}],"collection":[{"href":"https:\/\/leregardlibre.com\/en\/wp-json\/wp\/v2\/product"}],"about":[{"href":"https:\/\/leregardlibre.com\/en\/wp-json\/wp\/v2\/types\/product"}],"replies":[{"embeddable":true,"href":"https:\/\/leregardlibre.com\/en\/wp-json\/wp\/v2\/comments?post=525951"}],"wp:featuredmedia":[{"embeddable":true,"href":"https:\/\/leregardlibre.com\/en\/wp-json\/wp\/v2\/media\/526031"}],"wp:attachment":[{"href":"https:\/\/leregardlibre.com\/en\/wp-json\/wp\/v2\/media?parent=525951"}],"wp:term":[{"taxonomy":"product_brand","embeddable":true,"href":"https:\/\/leregardlibre.com\/en\/wp-json\/wp\/v2\/product_brand?post=525951"},{"taxonomy":"product_cat","embeddable":true,"href":"https:\/\/leregardlibre.com\/en\/wp-json\/wp\/v2\/product_cat?post=525951"},{"taxonomy":"product_tag","embeddable":true,"href":"https:\/\/leregardlibre.com\/en\/wp-json\/wp\/v2\/product_tag?post=525951"}],"curies":[{"name":"wp","href":"https:\/\/api.w.org\/{rel}","templated":true}]}}