{"id":529791,"date":"2025-11-09T22:18:20","date_gmt":"2025-11-09T21:18:20","guid":{"rendered":"https:\/\/leregardlibre.com\/?post_type=product&#038;p=529791"},"modified":"2026-03-29T18:40:28","modified_gmt":"2026-03-29T16:40:28","slug":"le-regard-libre-hors-serie-n6-switzerland-and-the-united-states-from-yesterday-to-today","status":"publish","type":"product","link":"https:\/\/leregardlibre.com\/en\/product\/le-regard-libre-hors-serie-n6-switzerland-and-the-united-states-from-yesterday-to-today\/","title":{"rendered":"Le Regard Libre special issue N\u00b06 | \u00abSwitzerland and the United States, from yesterday to today\u00bb.\u00bb"},"content":{"rendered":"<p><em>Le Regard Libre<\/em>\u00a0special issue N\u00b06 | \u00abSwitzerland and the United States, past and present\u00bb.\u00bb<br \/>\nPaper copy<br \/>\nSupplement to the current November 2025 issue<br \/>\nChic paper magazine format<\/p>\n<hr \/>\n<p class=\"p1\"><span class=\"s1\"><strong>Foreword<\/strong><br \/>\n<i><\/i><\/span><span class=\"s2\">05<\/span>\u00a0<i>Le Regard Libre<\/i>\u00a0in the United States<\/p>\n<p class=\"p1\"><span class=\"s1\"><strong>Editorial<\/strong><i><br \/>\n<\/i><i><\/i><\/span><span class=\"s2\">07<\/span>\u00a0What American paradoxes teach us<\/p>\n<p class=\"p1\"><strong><span class=\"s1\">New York, NY<br \/>\n<\/span><\/strong><span class=\"s2\">10<\/span>\u00a0<i>Megalopolis<\/i>, the twilight of an idol<\/p>\n<p class=\"p1\"><strong><span class=\"s1\">Washington, D.C.<br \/>\n<\/span><\/strong><span class=\"s2\">12<\/span>\u00a0The Genevan who watches over the White House<\/p>\n<p class=\"p1\"><strong><span class=\"s1\">Chicago, IL<br \/>\n<\/span><\/strong><span class=\"s2\">16<\/span>\u00a0In praise of towers<\/p>\n<p class=\"p1\"><strong><span class=\"s1\">Dallas, TX<br \/>\n<\/span><\/strong><span class=\"s2\">22<\/span>\u00a0The reciprocal institutional influences of\u00a0<i>sister republics<\/i><i><\/i><\/p>\n<p class=\"p1\"><strong><span class=\"s1\">Austin, TX<br \/>\n<\/span><\/strong><span class=\"s2\">28<\/span>\u00a0<span class=\"s3\">Switzerland as a postcard from the United States<\/span><\/p>\n<p class=\"p2\"><b><i>32<\/i><\/b><i>\u00a0Subscription form and digital newsstand<\/i><\/p>","protected":false},"excerpt":{"rendered":"<p>Le Regard Libre\u00a0hors-s\u00e9rie N\u00b06 | \u00abSuisse et Etats-Unis, d\u2019hier \u00e0 aujourd\u2019hui\u00bb Exemplaire papier Suppl\u00e9ment \u00e0 l\u2019\u00e9dition courante de novembre 2025&#8230;<\/p>","protected":false},"featured_media":529777,"comment_status":"open","ping_status":"closed","template":"","meta":{"_acf_changed":false},"product_brand":[],"product_cat":[644358513],"product_tag":[],"class_list":{"0":"post-529791","1":"product","2":"type-product","3":"status-publish","4":"has-post-thumbnail","6":"product_cat-hors-series","8":"first","9":"instock","10":"shipping-taxable","11":"purchasable","12":"product-type-variable"},"acf":[],"yoast_head":"<!-- This site is optimized with the Yoast SEO Premium plugin v27.4 (Yoast SEO v27.4) - https:\/\/yoast.com\/product\/yoast-seo-premium-wordpress\/ -->\n<title>Le Regard Libre hors-s\u00e9rie N\u00b06 | \u00abSuisse et Etats-Unis, d\u2019hier \u00e0 aujourd\u2019hui\u00bb<\/title>\n<meta name=\"robots\" content=\"index, follow, max-snippet:-1, max-image-preview:large, max-video-preview:-1\" \/>\n<link rel=\"canonical\" href=\"https:\/\/leregardlibre.com\/en\/product\/le-regard-libre-hors-serie-n6-switzerland-and-the-united-states-from-yesterday-to-today\/\" \/>\n<meta property=\"og:locale\" content=\"en_US\" \/>\n<meta property=\"og:type\" content=\"article\" \/>\n<meta property=\"og:title\" content=\"Le Regard Libre hors-s\u00e9rie N\u00b06 | \u00abSuisse et Etats-Unis, d\u2019hier \u00e0 aujourd\u2019hui\u00bb\" \/>\n<meta property=\"og:description\" content=\"Le Regard Libre\u00a0hors-s\u00e9rie N\u00b06 | \u00abSuisse et Etats-Unis, d\u2019hier \u00e0 aujourd\u2019hui\u00bb Exemplaire papier Suppl\u00e9ment \u00e0 l\u2019\u00e9dition courante de novembre 2025...\" \/>\n<meta property=\"og:url\" content=\"https:\/\/leregardlibre.com\/en\/product\/le-regard-libre-hors-serie-n6-switzerland-and-the-united-states-from-yesterday-to-today\/\" \/>\n<meta property=\"og:site_name\" content=\"Le Regard Libre\" \/>\n<meta property=\"article:publisher\" content=\"https:\/\/www.facebook.com\/leregardlibre\/\" \/>\n<meta property=\"article:modified_time\" content=\"2026-03-29T16:40:28+00:00\" \/>\n<meta property=\"og:image\" content=\"https:\/\/leregardlibre.com\/wp-content\/uploads\/2025\/11\/une-le-regard-libre-hors-serie-n6_ch-usa-e1762682211324.jpg\" \/>\n\t<meta property=\"og:image:width\" content=\"1357\" \/>\n\t<meta property=\"og:image:height\" content=\"1920\" \/>\n\t<meta property=\"og:image:type\" content=\"image\/jpeg\" \/>\n<meta name=\"twitter:card\" content=\"summary_large_image\" \/>\n<meta name=\"twitter:site\" content=\"@LeRegardLibre\" \/>\n<meta name=\"twitter:label1\" content=\"Est. reading time\" \/>\n\t<meta name=\"twitter:data1\" content=\"1 minute\" \/>\n<script type=\"application\/ld+json\" class=\"yoast-schema-graph\">{\"@context\":\"https:\\\/\\\/schema.org\",\"@graph\":[{\"@type\":\"WebPage\",\"@id\":\"https:\\\/\\\/leregardlibre.com\\\/produit\\\/le-regard-libre-hors-serie-n6-suisse-et-etats-unis-dhier-a-aujourdhui\\\/\",\"url\":\"https:\\\/\\\/leregardlibre.com\\\/produit\\\/le-regard-libre-hors-serie-n6-suisse-et-etats-unis-dhier-a-aujourdhui\\\/\",\"name\":\"Le Regard Libre hors-s\u00e9rie N\u00b06 | \u00abSuisse et Etats-Unis, d\u2019hier \u00e0 aujourd\u2019hui\u00bb\",\"isPartOf\":{\"@id\":\"https:\\\/\\\/leregardlibre.com\\\/#website\"},\"primaryImageOfPage\":{\"@id\":\"https:\\\/\\\/leregardlibre.com\\\/produit\\\/le-regard-libre-hors-serie-n6-suisse-et-etats-unis-dhier-a-aujourdhui\\\/#primaryimage\"},\"image\":{\"@id\":\"https:\\\/\\\/leregardlibre.com\\\/produit\\\/le-regard-libre-hors-serie-n6-suisse-et-etats-unis-dhier-a-aujourdhui\\\/#primaryimage\"},\"thumbnailUrl\":\"https:\\\/\\\/leregardlibre.com\\\/wp-content\\\/uploads\\\/2025\\\/11\\\/une-le-regard-libre-hors-serie-n6_ch-usa-e1762682211324.jpg\",\"datePublished\":\"2025-11-09T21:18:20+00:00\",\"dateModified\":\"2026-03-29T16:40:28+00:00\",\"breadcrumb\":{\"@id\":\"https:\\\/\\\/leregardlibre.com\\\/produit\\\/le-regard-libre-hors-serie-n6-suisse-et-etats-unis-dhier-a-aujourdhui\\\/#breadcrumb\"},\"inLanguage\":\"en-US\",\"potentialAction\":[{\"@type\":\"ReadAction\",\"target\":[\"https:\\\/\\\/leregardlibre.com\\\/produit\\\/le-regard-libre-hors-serie-n6-suisse-et-etats-unis-dhier-a-aujourdhui\\\/\"]}]},{\"@type\":\"ImageObject\",\"inLanguage\":\"en-US\",\"@id\":\"https:\\\/\\\/leregardlibre.com\\\/produit\\\/le-regard-libre-hors-serie-n6-suisse-et-etats-unis-dhier-a-aujourdhui\\\/#primaryimage\",\"url\":\"https:\\\/\\\/leregardlibre.com\\\/wp-content\\\/uploads\\\/2025\\\/11\\\/une-le-regard-libre-hors-serie-n6_ch-usa-e1762682211324.jpg\",\"contentUrl\":\"https:\\\/\\\/leregardlibre.com\\\/wp-content\\\/uploads\\\/2025\\\/11\\\/une-le-regard-libre-hors-serie-n6_ch-usa-e1762682211324.jpg\",\"width\":1357,\"height\":1920,\"caption\":\"Une Le Regard Libre hors se\u0301rie N\u00b06_CH-USA\"},{\"@type\":\"BreadcrumbList\",\"@id\":\"https:\\\/\\\/leregardlibre.com\\\/produit\\\/le-regard-libre-hors-serie-n6-suisse-et-etats-unis-dhier-a-aujourdhui\\\/#breadcrumb\",\"itemListElement\":[{\"@type\":\"ListItem\",\"position\":1,\"name\":\"Accueil\",\"item\":\"https:\\\/\\\/leregardlibre.com\\\/\"},{\"@type\":\"ListItem\",\"position\":2,\"name\":\"Boutique\",\"item\":\"https:\\\/\\\/leregardlibre.com\\\/boutique\\\/\"},{\"@type\":\"ListItem\",\"position\":3,\"name\":\"Le Regard Libre hors-s\u00e9rie N\u00b06 | \u00abSuisse et Etats-Unis, d\u2019hier \u00e0 aujourd\u2019hui\u00bb\"}]},{\"@type\":\"WebSite\",\"@id\":\"https:\\\/\\\/leregardlibre.com\\\/#website\",\"url\":\"https:\\\/\\\/leregardlibre.com\\\/\",\"name\":\"Le Regard Libre\",\"description\":\"Premier mensuel suisse de d\u00e9bat\",\"publisher\":{\"@id\":\"https:\\\/\\\/leregardlibre.com\\\/#organization\"},\"potentialAction\":[{\"@type\":\"SearchAction\",\"target\":{\"@type\":\"EntryPoint\",\"urlTemplate\":\"https:\\\/\\\/leregardlibre.com\\\/?s={search_term_string}\"},\"query-input\":{\"@type\":\"PropertyValueSpecification\",\"valueRequired\":true,\"valueName\":\"search_term_string\"}}],\"inLanguage\":\"en-US\"},{\"@type\":\"Organization\",\"@id\":\"https:\\\/\\\/leregardlibre.com\\\/#organization\",\"name\":\"Le Regard Libre\",\"url\":\"https:\\\/\\\/leregardlibre.com\\\/\",\"logo\":{\"@type\":\"ImageObject\",\"inLanguage\":\"en-US\",\"@id\":\"https:\\\/\\\/leregardlibre.com\\\/#\\\/schema\\\/logo\\\/image\\\/\",\"url\":\"https:\\\/\\\/leregardlibre.com\\\/wp-content\\\/uploads\\\/2025\\\/08\\\/logo-rl-icone-neg.jpeg\",\"contentUrl\":\"https:\\\/\\\/leregardlibre.com\\\/wp-content\\\/uploads\\\/2025\\\/08\\\/logo-rl-icone-neg.jpeg\",\"width\":557,\"height\":556,\"caption\":\"Le Regard Libre\"},\"image\":{\"@id\":\"https:\\\/\\\/leregardlibre.com\\\/#\\\/schema\\\/logo\\\/image\\\/\"},\"sameAs\":[\"https:\\\/\\\/www.facebook.com\\\/leregardlibre\\\/\",\"https:\\\/\\\/x.com\\\/LeRegardLibre\",\"https:\\\/\\\/www.linkedin.com\\\/company\\\/le-regard-libre\",\"https:\\\/\\\/www.instagram.com\\\/leregardlibre\\\/\",\"http:\\\/\\\/t.me\\\/leregardlibre\",\"https:\\\/\\\/youtube.com\\\/channel\\\/UC6HzGPomj1LsUmlz-sJtITQ\"],\"description\":\"Le Regard Libre est un mensuel suisse de d\u00e9bat intellectuel et culturel. Sa r\u00e9daction est jeune, b\u00e9n\u00e9vole, lib\u00e9rale et pluraliste. Le magazine para\u00eet en ligne et sous forme papier. Sa langue est le fran\u00e7ais.\",\"email\":\"redaction@leregardlibre.com\",\"legalName\":\"Le Regard Libre\",\"foundingDate\":\"2014-01-01\",\"numberOfEmployees\":{\"@type\":\"QuantitativeValue\",\"minValue\":\"11\",\"maxValue\":\"50\"},\"publishingPrinciples\":\"https:\\\/\\\/leregardlibre.com\\\/a-propos\\\/notre-manifeste\\\/\",\"ownershipFundingInfo\":\"https:\\\/\\\/leregardlibre.com\\\/mentions-legales\\\/\",\"actionableFeedbackPolicy\":\"https:\\\/\\\/leregardlibre.com\\\/conditions-generales-de-vente\\\/\"}]}<\/script>\n<!-- \/ Yoast SEO Premium plugin. -->","yoast_head_json":{"title":"Le Regard Libre special issue N\u00b06 | \u00abSwitzerland and the United States, from yesterday to today\u00bb.\u00bb","robots":{"index":"index","follow":"follow","max-snippet":"max-snippet:-1","max-image-preview":"max-image-preview:large","max-video-preview":"max-video-preview:-1"},"canonical":"https:\/\/leregardlibre.com\/en\/product\/le-regard-libre-hors-serie-n6-switzerland-and-the-united-states-from-yesterday-to-today\/","og_locale":"en_US","og_type":"article","og_title":"Le Regard Libre hors-s\u00e9rie N\u00b06 | \u00abSuisse et Etats-Unis, d\u2019hier \u00e0 aujourd\u2019hui\u00bb","og_description":"Le Regard Libre\u00a0hors-s\u00e9rie N\u00b06 | \u00abSuisse et Etats-Unis, d\u2019hier \u00e0 aujourd\u2019hui\u00bb Exemplaire papier Suppl\u00e9ment \u00e0 l\u2019\u00e9dition courante de novembre 2025...","og_url":"https:\/\/leregardlibre.com\/en\/product\/le-regard-libre-hors-serie-n6-switzerland-and-the-united-states-from-yesterday-to-today\/","og_site_name":"Le Regard Libre","article_publisher":"https:\/\/www.facebook.com\/leregardlibre\/","article_modified_time":"2026-03-29T16:40:28+00:00","og_image":[{"width":1357,"height":1920,"url":"https:\/\/leregardlibre.com\/wp-content\/uploads\/2025\/11\/une-le-regard-libre-hors-serie-n6_ch-usa-e1762682211324.jpg","type":"image\/jpeg"}],"twitter_card":"summary_large_image","twitter_site":"@LeRegardLibre","twitter_misc":{"Est. reading time":"1 minute"},"schema":{"@context":"https:\/\/schema.org","@graph":[{"@type":"WebPage","@id":"https:\/\/leregardlibre.com\/produit\/le-regard-libre-hors-serie-n6-suisse-et-etats-unis-dhier-a-aujourdhui\/","url":"https:\/\/leregardlibre.com\/produit\/le-regard-libre-hors-serie-n6-suisse-et-etats-unis-dhier-a-aujourdhui\/","name":"Le Regard Libre special issue N\u00b06 | \u00abSwitzerland and the United States, from yesterday to today\u00bb.\u00bb","isPartOf":{"@id":"https:\/\/leregardlibre.com\/#website"},"primaryImageOfPage":{"@id":"https:\/\/leregardlibre.com\/produit\/le-regard-libre-hors-serie-n6-suisse-et-etats-unis-dhier-a-aujourdhui\/#primaryimage"},"image":{"@id":"https:\/\/leregardlibre.com\/produit\/le-regard-libre-hors-serie-n6-suisse-et-etats-unis-dhier-a-aujourdhui\/#primaryimage"},"thumbnailUrl":"https:\/\/leregardlibre.com\/wp-content\/uploads\/2025\/11\/une-le-regard-libre-hors-serie-n6_ch-usa-e1762682211324.jpg","datePublished":"2025-11-09T21:18:20+00:00","dateModified":"2026-03-29T16:40:28+00:00","breadcrumb":{"@id":"https:\/\/leregardlibre.com\/produit\/le-regard-libre-hors-serie-n6-suisse-et-etats-unis-dhier-a-aujourdhui\/#breadcrumb"},"inLanguage":"en-US","potentialAction":[{"@type":"ReadAction","target":["https:\/\/leregardlibre.com\/produit\/le-regard-libre-hors-serie-n6-suisse-et-etats-unis-dhier-a-aujourdhui\/"]}]},{"@type":"ImageObject","inLanguage":"en-US","@id":"https:\/\/leregardlibre.com\/produit\/le-regard-libre-hors-serie-n6-suisse-et-etats-unis-dhier-a-aujourdhui\/#primaryimage","url":"https:\/\/leregardlibre.com\/wp-content\/uploads\/2025\/11\/une-le-regard-libre-hors-serie-n6_ch-usa-e1762682211324.jpg","contentUrl":"https:\/\/leregardlibre.com\/wp-content\/uploads\/2025\/11\/une-le-regard-libre-hors-serie-n6_ch-usa-e1762682211324.jpg","width":1357,"height":1920,"caption":"Une Le Regard Libre hors se\u0301rie N\u00b06_CH-USA"},{"@type":"BreadcrumbList","@id":"https:\/\/leregardlibre.com\/produit\/le-regard-libre-hors-serie-n6-suisse-et-etats-unis-dhier-a-aujourdhui\/#breadcrumb","itemListElement":[{"@type":"ListItem","position":1,"name":"Accueil","item":"https:\/\/leregardlibre.com\/"},{"@type":"ListItem","position":2,"name":"Boutique","item":"https:\/\/leregardlibre.com\/boutique\/"},{"@type":"ListItem","position":3,"name":"Le Regard Libre hors-s\u00e9rie N\u00b06 | \u00abSuisse et Etats-Unis, d\u2019hier \u00e0 aujourd\u2019hui\u00bb"}]},{"@type":"WebSite","@id":"https:\/\/leregardlibre.com\/#website","url":"https:\/\/leregardlibre.com\/","name":"Le Regard Libre","description":"Switzerland's first monthly debate magazine","publisher":{"@id":"https:\/\/leregardlibre.com\/#organization"},"potentialAction":[{"@type":"SearchAction","target":{"@type":"EntryPoint","urlTemplate":"https:\/\/leregardlibre.com\/?s={search_term_string}"},"query-input":{"@type":"PropertyValueSpecification","valueRequired":true,"valueName":"search_term_string"}}],"inLanguage":"en-US"},{"@type":"Organization","@id":"https:\/\/leregardlibre.com\/#organization","name":"Le Regard Libre","url":"https:\/\/leregardlibre.com\/","logo":{"@type":"ImageObject","inLanguage":"en-US","@id":"https:\/\/leregardlibre.com\/#\/schema\/logo\/image\/","url":"https:\/\/leregardlibre.com\/wp-content\/uploads\/2025\/08\/logo-rl-icone-neg.jpeg","contentUrl":"https:\/\/leregardlibre.com\/wp-content\/uploads\/2025\/08\/logo-rl-icone-neg.jpeg","width":557,"height":556,"caption":"Le Regard Libre"},"image":{"@id":"https:\/\/leregardlibre.com\/#\/schema\/logo\/image\/"},"sameAs":["https:\/\/www.facebook.com\/leregardlibre\/","https:\/\/x.com\/LeRegardLibre","https:\/\/www.linkedin.com\/company\/le-regard-libre","https:\/\/www.instagram.com\/leregardlibre\/","http:\/\/t.me\/leregardlibre","https:\/\/youtube.com\/channel\/UC6HzGPomj1LsUmlz-sJtITQ"],"description":"Le Regard Libre is a Swiss monthly magazine for intellectual and cultural debate. Its editorial team is young, voluntary, liberal and pluralist. The magazine appears online and in print. Its language is French.","email":"redaction@leregardlibre.com","legalName":"Le Regard Libre","foundingDate":"2014-01-01","numberOfEmployees":{"@type":"QuantitativeValue","minValue":"11","maxValue":"50"},"publishingPrinciples":"https:\/\/leregardlibre.com\/a-propos\/notre-manifeste\/","ownershipFundingInfo":"https:\/\/leregardlibre.com\/mentions-legales\/","actionableFeedbackPolicy":"https:\/\/leregardlibre.com\/conditions-generales-de-vente\/"}]}},"_links":{"self":[{"href":"https:\/\/leregardlibre.com\/en\/wp-json\/wp\/v2\/product\/529791","targetHints":{"allow":["GET"]}}],"collection":[{"href":"https:\/\/leregardlibre.com\/en\/wp-json\/wp\/v2\/product"}],"about":[{"href":"https:\/\/leregardlibre.com\/en\/wp-json\/wp\/v2\/types\/product"}],"replies":[{"embeddable":true,"href":"https:\/\/leregardlibre.com\/en\/wp-json\/wp\/v2\/comments?post=529791"}],"wp:featuredmedia":[{"embeddable":true,"href":"https:\/\/leregardlibre.com\/en\/wp-json\/wp\/v2\/media\/529777"}],"wp:attachment":[{"href":"https:\/\/leregardlibre.com\/en\/wp-json\/wp\/v2\/media?parent=529791"}],"wp:term":[{"taxonomy":"product_brand","embeddable":true,"href":"https:\/\/leregardlibre.com\/en\/wp-json\/wp\/v2\/product_brand?post=529791"},{"taxonomy":"product_cat","embeddable":true,"href":"https:\/\/leregardlibre.com\/en\/wp-json\/wp\/v2\/product_cat?post=529791"},{"taxonomy":"product_tag","embeddable":true,"href":"https:\/\/leregardlibre.com\/en\/wp-json\/wp\/v2\/product_tag?post=529791"}],"curies":[{"name":"wp","href":"https:\/\/api.w.org\/{rel}","templated":true}]}}