{"id":530728,"date":"2026-01-18T10:05:07","date_gmt":"2026-01-18T09:05:07","guid":{"rendered":"https:\/\/leregardlibre.com\/?post_type=product&#038;p=530728"},"modified":"2026-04-08T19:19:16","modified_gmt":"2026-04-08T17:19:16","slug":"le-regard-libre-n123-dossier-quel-service-public","status":"publish","type":"product","link":"https:\/\/leregardlibre.com\/en\/product\/le-regard-libre-n123-dossier-quel-service-public\/","title":{"rendered":"Le Regard Libre N\u00b0123 | Dossier \u00abQuel service public?\u00bb"},"content":{"rendered":"<p><em>Le Regard Libre<\/em> N\u00b0123 | \u00abWhich public service?\u00bb<br \/>\nPaper copy<br \/>\nJanuary 2026 edition<br \/>\nChic paper magazine format<\/p>\n<hr \/>\n<p class=\"p1\"><strong><span class=\"s1\">Opinions and reflections<br \/>\n<\/span><\/strong><span class=\"s2\">05<\/span> Editorial by Jonas Follonier: Extreme center, definition<br \/>\n<span class=\"s2\">07<\/span> Ralph M\u00fcller's cartridge: Schools and positivism<br \/>\n<span class=\"s2\">09<\/span> Marianne Grosjean's column: The art of taking a rake<br \/>\n<span class=\"s2\">10<\/span> Deirdre McCloskey's letter: Nobel 2025<br \/>\n<span class=\"s2\">11<\/span> Pascal Couchepin's reading: Reading Michel de Montaigne, for our equilibrium<br \/>\n<span class=\"s2\">12<\/span> Disagreement: Should nuclear power be revived in Switzerland?<br \/>\n<span class=\"s2\">13<\/span> Essay of the month: Gender differences made taboo<br \/>\n<span class=\"s2\">14<\/span> Anti-racism that \u00abinfantilizes blacks\u00bb<\/p>\n<p class=\"p5\"><strong><span class=\"s1\">Feature: What public service?<br \/>\n<\/span><\/strong><span class=\"s2\">18<\/span> Pascal Crittin, Director of RTS: \u00abWe don't steer the debate\u00bb.\u00bb<br \/>\n<span class=\"s2\">22<\/span> Why <i>Le Peuple<\/i> has designed an RTS Observatory<br \/>\n<span class=\"s2\">24<\/span> A tale of Greek audiovisual tragedy<br \/>\n<span class=\"s2\">28<\/span> GB News takes on Britain's public service broadcasters<br \/>\n<span class=\"s2\">30<\/span> Switzerland must resist regulation of online speech<\/p>\n<p class=\"p1\"><strong><span class=\"s1\">Culture and notebooks<br \/>\n<\/span><\/strong><span class=\"s2\">34<\/span> Trope setting: The disalp of illusions<br \/>\n<span class=\"s2\">36<\/span> Freedom in the lens: People no longer watch series, they listen to them<br \/>\n<span class=\"s2\">38<\/span> See Vesoul and relive<br \/>\n<span class=\"s2\">44<\/span> Bernard L\u00e9chot's photo essay: Ocra Rossa<br \/>\n<span class=\"s2\">50<\/span> In short: free laughter, <i>Masao's boat<\/i> and a ChatGPT joke<br \/>\n<span class=\"s2\">52<\/span> Subscription and sponsorship<br \/>\n<span class=\"s2\">54<\/span> Quotes<\/p>","protected":false},"excerpt":{"rendered":"<p>Le Regard Libre N\u00b0123 | \u00abQuel service public?\u00bb Exemplaire papier Edition de janvier 2026 Format magazine papier chic Opinions et&#8230;<\/p>","protected":false},"featured_media":530732,"comment_status":"open","ping_status":"closed","template":"","meta":{"_acf_changed":false},"product_brand":[],"product_cat":[644340392],"product_tag":[],"class_list":{"0":"post-530728","1":"product","2":"type-product","3":"status-publish","4":"has-post-thumbnail","6":"product_cat-numeros","8":"first","9":"instock","10":"shipping-taxable","11":"purchasable","12":"product-type-variable"},"acf":[],"yoast_head":"<!-- This site is optimized with the Yoast SEO Premium plugin v27.4 (Yoast SEO v27.4) - https:\/\/yoast.com\/product\/yoast-seo-premium-wordpress\/ -->\n<title>Le Regard Libre N\u00b0123 | Dossier \u00abQuel service public?\u00bb<\/title>\n<meta name=\"robots\" content=\"index, follow, max-snippet:-1, max-image-preview:large, max-video-preview:-1\" \/>\n<link rel=\"canonical\" href=\"https:\/\/leregardlibre.com\/en\/product\/le-regard-libre-n123-dossier-quel-service-public\/\" \/>\n<meta property=\"og:locale\" content=\"en_US\" \/>\n<meta property=\"og:type\" content=\"article\" \/>\n<meta property=\"og:title\" content=\"Le Regard Libre N\u00b0123 | Dossier \u00abQuel service public?\u00bb\" \/>\n<meta property=\"og:description\" content=\"Le Regard Libre N\u00b0123 | \u00abQuel service public?\u00bb Exemplaire papier Edition de janvier 2026 Format magazine papier chic Opinions et...\" \/>\n<meta property=\"og:url\" content=\"https:\/\/leregardlibre.com\/en\/product\/le-regard-libre-n123-dossier-quel-service-public\/\" \/>\n<meta property=\"og:site_name\" content=\"Le Regard Libre\" \/>\n<meta property=\"article:publisher\" content=\"https:\/\/www.facebook.com\/leregardlibre\/\" \/>\n<meta property=\"article:modified_time\" content=\"2026-04-08T17:19:16+00:00\" \/>\n<meta property=\"og:image\" content=\"https:\/\/leregardlibre.com\/wp-content\/uploads\/2026\/01\/une-le-regard-libre-n123-e1768727357515.jpg\" \/>\n\t<meta property=\"og:image:width\" content=\"1920\" \/>\n\t<meta property=\"og:image:height\" content=\"2716\" \/>\n\t<meta property=\"og:image:type\" content=\"image\/jpeg\" \/>\n<meta name=\"twitter:card\" content=\"summary_large_image\" \/>\n<meta name=\"twitter:site\" content=\"@LeRegardLibre\" \/>\n<meta name=\"twitter:label1\" content=\"Est. reading time\" \/>\n\t<meta name=\"twitter:data1\" content=\"2 minutes\" \/>\n<script type=\"application\/ld+json\" class=\"yoast-schema-graph\">{\"@context\":\"https:\\\/\\\/schema.org\",\"@graph\":[{\"@type\":\"WebPage\",\"@id\":\"https:\\\/\\\/leregardlibre.com\\\/produit\\\/le-regard-libre-n123-dossier-quel-service-public\\\/\",\"url\":\"https:\\\/\\\/leregardlibre.com\\\/produit\\\/le-regard-libre-n123-dossier-quel-service-public\\\/\",\"name\":\"Le Regard Libre N\u00b0123 | Dossier \u00abQuel service public?\u00bb\",\"isPartOf\":{\"@id\":\"https:\\\/\\\/leregardlibre.com\\\/#website\"},\"primaryImageOfPage\":{\"@id\":\"https:\\\/\\\/leregardlibre.com\\\/produit\\\/le-regard-libre-n123-dossier-quel-service-public\\\/#primaryimage\"},\"image\":{\"@id\":\"https:\\\/\\\/leregardlibre.com\\\/produit\\\/le-regard-libre-n123-dossier-quel-service-public\\\/#primaryimage\"},\"thumbnailUrl\":\"https:\\\/\\\/leregardlibre.com\\\/wp-content\\\/uploads\\\/2026\\\/01\\\/une-le-regard-libre-n123-e1768727357515.jpg\",\"datePublished\":\"2026-01-18T09:05:07+00:00\",\"dateModified\":\"2026-04-08T17:19:16+00:00\",\"breadcrumb\":{\"@id\":\"https:\\\/\\\/leregardlibre.com\\\/produit\\\/le-regard-libre-n123-dossier-quel-service-public\\\/#breadcrumb\"},\"inLanguage\":\"en-US\",\"potentialAction\":[{\"@type\":\"ReadAction\",\"target\":[\"https:\\\/\\\/leregardlibre.com\\\/produit\\\/le-regard-libre-n123-dossier-quel-service-public\\\/\"]}]},{\"@type\":\"ImageObject\",\"inLanguage\":\"en-US\",\"@id\":\"https:\\\/\\\/leregardlibre.com\\\/produit\\\/le-regard-libre-n123-dossier-quel-service-public\\\/#primaryimage\",\"url\":\"https:\\\/\\\/leregardlibre.com\\\/wp-content\\\/uploads\\\/2026\\\/01\\\/une-le-regard-libre-n123-e1768727357515.jpg\",\"contentUrl\":\"https:\\\/\\\/leregardlibre.com\\\/wp-content\\\/uploads\\\/2026\\\/01\\\/une-le-regard-libre-n123-e1768727357515.jpg\",\"width\":1920,\"height\":2716,\"caption\":\"le regard libre service public\"},{\"@type\":\"BreadcrumbList\",\"@id\":\"https:\\\/\\\/leregardlibre.com\\\/produit\\\/le-regard-libre-n123-dossier-quel-service-public\\\/#breadcrumb\",\"itemListElement\":[{\"@type\":\"ListItem\",\"position\":1,\"name\":\"Accueil\",\"item\":\"https:\\\/\\\/leregardlibre.com\\\/\"},{\"@type\":\"ListItem\",\"position\":2,\"name\":\"Boutique\",\"item\":\"https:\\\/\\\/leregardlibre.com\\\/boutique\\\/\"},{\"@type\":\"ListItem\",\"position\":3,\"name\":\"Le Regard Libre N\u00b0123 | Dossier \u00abQuel service public?\u00bb\"}]},{\"@type\":\"WebSite\",\"@id\":\"https:\\\/\\\/leregardlibre.com\\\/#website\",\"url\":\"https:\\\/\\\/leregardlibre.com\\\/\",\"name\":\"Le Regard Libre\",\"description\":\"Premier mensuel suisse de d\u00e9bat\",\"publisher\":{\"@id\":\"https:\\\/\\\/leregardlibre.com\\\/#organization\"},\"potentialAction\":[{\"@type\":\"SearchAction\",\"target\":{\"@type\":\"EntryPoint\",\"urlTemplate\":\"https:\\\/\\\/leregardlibre.com\\\/?s={search_term_string}\"},\"query-input\":{\"@type\":\"PropertyValueSpecification\",\"valueRequired\":true,\"valueName\":\"search_term_string\"}}],\"inLanguage\":\"en-US\"},{\"@type\":\"Organization\",\"@id\":\"https:\\\/\\\/leregardlibre.com\\\/#organization\",\"name\":\"Le Regard Libre\",\"url\":\"https:\\\/\\\/leregardlibre.com\\\/\",\"logo\":{\"@type\":\"ImageObject\",\"inLanguage\":\"en-US\",\"@id\":\"https:\\\/\\\/leregardlibre.com\\\/#\\\/schema\\\/logo\\\/image\\\/\",\"url\":\"https:\\\/\\\/leregardlibre.com\\\/wp-content\\\/uploads\\\/2025\\\/08\\\/logo-rl-icone-neg.jpeg\",\"contentUrl\":\"https:\\\/\\\/leregardlibre.com\\\/wp-content\\\/uploads\\\/2025\\\/08\\\/logo-rl-icone-neg.jpeg\",\"width\":557,\"height\":556,\"caption\":\"Le Regard Libre\"},\"image\":{\"@id\":\"https:\\\/\\\/leregardlibre.com\\\/#\\\/schema\\\/logo\\\/image\\\/\"},\"sameAs\":[\"https:\\\/\\\/www.facebook.com\\\/leregardlibre\\\/\",\"https:\\\/\\\/x.com\\\/LeRegardLibre\",\"https:\\\/\\\/www.linkedin.com\\\/company\\\/le-regard-libre\",\"https:\\\/\\\/www.instagram.com\\\/leregardlibre\\\/\",\"http:\\\/\\\/t.me\\\/leregardlibre\",\"https:\\\/\\\/youtube.com\\\/channel\\\/UC6HzGPomj1LsUmlz-sJtITQ\"],\"description\":\"Le Regard Libre est un mensuel suisse de d\u00e9bat intellectuel et culturel. Sa r\u00e9daction est jeune, b\u00e9n\u00e9vole, lib\u00e9rale et pluraliste. Le magazine para\u00eet en ligne et sous forme papier. Sa langue est le fran\u00e7ais.\",\"email\":\"redaction@leregardlibre.com\",\"legalName\":\"Le Regard Libre\",\"foundingDate\":\"2014-01-01\",\"numberOfEmployees\":{\"@type\":\"QuantitativeValue\",\"minValue\":\"11\",\"maxValue\":\"50\"},\"publishingPrinciples\":\"https:\\\/\\\/leregardlibre.com\\\/a-propos\\\/notre-manifeste\\\/\",\"ownershipFundingInfo\":\"https:\\\/\\\/leregardlibre.com\\\/mentions-legales\\\/\",\"actionableFeedbackPolicy\":\"https:\\\/\\\/leregardlibre.com\\\/conditions-generales-de-vente\\\/\"}]}<\/script>\n<!-- \/ Yoast SEO Premium plugin. -->","yoast_head_json":{"title":"Le Regard Libre N\u00b0123 | Dossier \u00abQuel service public?\u00bb","robots":{"index":"index","follow":"follow","max-snippet":"max-snippet:-1","max-image-preview":"max-image-preview:large","max-video-preview":"max-video-preview:-1"},"canonical":"https:\/\/leregardlibre.com\/en\/product\/le-regard-libre-n123-dossier-quel-service-public\/","og_locale":"en_US","og_type":"article","og_title":"Le Regard Libre N\u00b0123 | Dossier \u00abQuel service public?\u00bb","og_description":"Le Regard Libre N\u00b0123 | \u00abQuel service public?\u00bb Exemplaire papier Edition de janvier 2026 Format magazine papier chic Opinions et...","og_url":"https:\/\/leregardlibre.com\/en\/product\/le-regard-libre-n123-dossier-quel-service-public\/","og_site_name":"Le Regard Libre","article_publisher":"https:\/\/www.facebook.com\/leregardlibre\/","article_modified_time":"2026-04-08T17:19:16+00:00","og_image":[{"width":1920,"height":2716,"url":"https:\/\/leregardlibre.com\/wp-content\/uploads\/2026\/01\/une-le-regard-libre-n123-e1768727357515.jpg","type":"image\/jpeg"}],"twitter_card":"summary_large_image","twitter_site":"@LeRegardLibre","twitter_misc":{"Est. reading time":"2 minutes"},"schema":{"@context":"https:\/\/schema.org","@graph":[{"@type":"WebPage","@id":"https:\/\/leregardlibre.com\/produit\/le-regard-libre-n123-dossier-quel-service-public\/","url":"https:\/\/leregardlibre.com\/produit\/le-regard-libre-n123-dossier-quel-service-public\/","name":"Le Regard Libre N\u00b0123 | Dossier \u00abQuel service public?\u00bb","isPartOf":{"@id":"https:\/\/leregardlibre.com\/#website"},"primaryImageOfPage":{"@id":"https:\/\/leregardlibre.com\/produit\/le-regard-libre-n123-dossier-quel-service-public\/#primaryimage"},"image":{"@id":"https:\/\/leregardlibre.com\/produit\/le-regard-libre-n123-dossier-quel-service-public\/#primaryimage"},"thumbnailUrl":"https:\/\/leregardlibre.com\/wp-content\/uploads\/2026\/01\/une-le-regard-libre-n123-e1768727357515.jpg","datePublished":"2026-01-18T09:05:07+00:00","dateModified":"2026-04-08T17:19:16+00:00","breadcrumb":{"@id":"https:\/\/leregardlibre.com\/produit\/le-regard-libre-n123-dossier-quel-service-public\/#breadcrumb"},"inLanguage":"en-US","potentialAction":[{"@type":"ReadAction","target":["https:\/\/leregardlibre.com\/produit\/le-regard-libre-n123-dossier-quel-service-public\/"]}]},{"@type":"ImageObject","inLanguage":"en-US","@id":"https:\/\/leregardlibre.com\/produit\/le-regard-libre-n123-dossier-quel-service-public\/#primaryimage","url":"https:\/\/leregardlibre.com\/wp-content\/uploads\/2026\/01\/une-le-regard-libre-n123-e1768727357515.jpg","contentUrl":"https:\/\/leregardlibre.com\/wp-content\/uploads\/2026\/01\/une-le-regard-libre-n123-e1768727357515.jpg","width":1920,"height":2716,"caption":"le regard libre service public"},{"@type":"BreadcrumbList","@id":"https:\/\/leregardlibre.com\/produit\/le-regard-libre-n123-dossier-quel-service-public\/#breadcrumb","itemListElement":[{"@type":"ListItem","position":1,"name":"Accueil","item":"https:\/\/leregardlibre.com\/"},{"@type":"ListItem","position":2,"name":"Boutique","item":"https:\/\/leregardlibre.com\/boutique\/"},{"@type":"ListItem","position":3,"name":"Le Regard Libre N\u00b0123 | Dossier \u00abQuel service public?\u00bb"}]},{"@type":"WebSite","@id":"https:\/\/leregardlibre.com\/#website","url":"https:\/\/leregardlibre.com\/","name":"Le Regard Libre","description":"Switzerland's first monthly debate magazine","publisher":{"@id":"https:\/\/leregardlibre.com\/#organization"},"potentialAction":[{"@type":"SearchAction","target":{"@type":"EntryPoint","urlTemplate":"https:\/\/leregardlibre.com\/?s={search_term_string}"},"query-input":{"@type":"PropertyValueSpecification","valueRequired":true,"valueName":"search_term_string"}}],"inLanguage":"en-US"},{"@type":"Organization","@id":"https:\/\/leregardlibre.com\/#organization","name":"Le Regard Libre","url":"https:\/\/leregardlibre.com\/","logo":{"@type":"ImageObject","inLanguage":"en-US","@id":"https:\/\/leregardlibre.com\/#\/schema\/logo\/image\/","url":"https:\/\/leregardlibre.com\/wp-content\/uploads\/2025\/08\/logo-rl-icone-neg.jpeg","contentUrl":"https:\/\/leregardlibre.com\/wp-content\/uploads\/2025\/08\/logo-rl-icone-neg.jpeg","width":557,"height":556,"caption":"Le Regard Libre"},"image":{"@id":"https:\/\/leregardlibre.com\/#\/schema\/logo\/image\/"},"sameAs":["https:\/\/www.facebook.com\/leregardlibre\/","https:\/\/x.com\/LeRegardLibre","https:\/\/www.linkedin.com\/company\/le-regard-libre","https:\/\/www.instagram.com\/leregardlibre\/","http:\/\/t.me\/leregardlibre","https:\/\/youtube.com\/channel\/UC6HzGPomj1LsUmlz-sJtITQ"],"description":"Le Regard Libre is a Swiss monthly magazine for intellectual and cultural debate. Its editorial team is young, voluntary, liberal and pluralist. The magazine appears online and in print. Its language is French.","email":"redaction@leregardlibre.com","legalName":"Le Regard Libre","foundingDate":"2014-01-01","numberOfEmployees":{"@type":"QuantitativeValue","minValue":"11","maxValue":"50"},"publishingPrinciples":"https:\/\/leregardlibre.com\/a-propos\/notre-manifeste\/","ownershipFundingInfo":"https:\/\/leregardlibre.com\/mentions-legales\/","actionableFeedbackPolicy":"https:\/\/leregardlibre.com\/conditions-generales-de-vente\/"}]}},"_links":{"self":[{"href":"https:\/\/leregardlibre.com\/en\/wp-json\/wp\/v2\/product\/530728","targetHints":{"allow":["GET"]}}],"collection":[{"href":"https:\/\/leregardlibre.com\/en\/wp-json\/wp\/v2\/product"}],"about":[{"href":"https:\/\/leregardlibre.com\/en\/wp-json\/wp\/v2\/types\/product"}],"replies":[{"embeddable":true,"href":"https:\/\/leregardlibre.com\/en\/wp-json\/wp\/v2\/comments?post=530728"}],"wp:featuredmedia":[{"embeddable":true,"href":"https:\/\/leregardlibre.com\/en\/wp-json\/wp\/v2\/media\/530732"}],"wp:attachment":[{"href":"https:\/\/leregardlibre.com\/en\/wp-json\/wp\/v2\/media?parent=530728"}],"wp:term":[{"taxonomy":"product_brand","embeddable":true,"href":"https:\/\/leregardlibre.com\/en\/wp-json\/wp\/v2\/product_brand?post=530728"},{"taxonomy":"product_cat","embeddable":true,"href":"https:\/\/leregardlibre.com\/en\/wp-json\/wp\/v2\/product_cat?post=530728"},{"taxonomy":"product_tag","embeddable":true,"href":"https:\/\/leregardlibre.com\/en\/wp-json\/wp\/v2\/product_tag?post=530728"}],"curies":[{"name":"wp","href":"https:\/\/api.w.org\/{rel}","templated":true}]}}