{"id":531647,"date":"2026-03-10T07:36:16","date_gmt":"2026-03-10T06:36:16","guid":{"rendered":"https:\/\/leregardlibre.com\/?post_type=product&#038;p=531647"},"modified":"2026-03-29T18:40:48","modified_gmt":"2026-03-29T16:40:48","slug":"le-regard-libre-hors-serie-n7-pret-a-fonder-ton-entreprise","status":"publish","type":"product","link":"https:\/\/leregardlibre.com\/en\/product\/le-regard-libre-hors-serie-n7-pret-a-fonder-ton-entreprise\/","title":{"rendered":"Le Regard Libre hors-s\u00e9rie N\u00b07 | \u00abPr\u00eat \u00e0 fonder ton entreprise?\u00bb"},"content":{"rendered":"<p><em>Le Regard Libre<\/em> hors-s\u00e9rie N\u00b07 | \u00abPr\u00eat \u00e0 fonder ton entreprise?\u00bb<br \/>\nPaper copy<br \/>\nSuppl\u00e9ment joint dans l\u2019\u00e9dition courante de mars 2026 pour les abonn\u00e9s et disponible \u00e0 la commande<br \/>\nChic paper magazine format<\/p>\n<hr \/>\n<p class=\"p1\"><strong><span class=\"s1\">05<\/span> <\/strong>Fabian Gull, r\u00e9dacteur au <i>Schweizer Monat<\/i>:<br \/>\nEntrepreneurs are freer people<\/p>\n<p class=\"p1\"><strong><span class=\"s1\">06<\/span> <\/strong>Jonas Follonier<strong>,<\/strong> fondateur et r\u00e9dacteur en chef du <i>Regard Libre<\/i>:<br \/>\nLe m\u00e9tier de r\u00eave: \u00abemploy\u00e9\u00bb<\/p>\n<p class=\"p1\"><strong><span class=\"s1\">08<\/span> <\/strong>Michael Straumann, r\u00e9dacteur au <i>Schweizer Monat<\/i>:<br \/>\nProductive self-doubt<\/p>\n<p class=\"p1\"><strong><span class=\"s3\">10<\/span><\/strong><span class=\"s2\"> Aur\u00e9lien Demaurex, cofondateur d\u2019Ecorobotix:<br \/>\nLa Suisse ne doit pas devenir la biblioth\u00e8que du monde<\/span><\/p>\n<p class=\"p1\"><strong><span class=\"s1\">16<\/span> <\/strong>Daniel Bloch, CEO et pr\u00e9sident de Chocolats Camille Bloch:<br \/>\nQuiconque souhaite innover \u00e9choue plus souvent<\/p>\n<p class=\"p1\"><strong><span class=\"s1\">19<\/span> <\/strong>Olivier Meuwly, historien:<br \/>\nLe f\u00e9d\u00e9ralisme, un des piliers de l\u2019esprit entrepreneurial suisse<\/p>\n<p class=\"p1\"><strong><span class=\"s1\">24<\/span><\/strong> La Suisse, paradis des entrepreneurs \u2013 Comment fonder sa soci\u00e9t\u00e9, de A \u00e0 Z<\/p>\n<p class=\"p1\"><strong><span class=\"s1\">27<\/span><\/strong> L\u2019\u00e9cosyst\u00e8me suisse pour l\u2019entrepreneuriat et l\u2019innovation\u2009\u2013 Adresses utiles<\/p>\n<h3 class=\"p1\">Focus sur la pratique<\/h3>\n<p class=\"p1\"><strong><span class=\"s1\"> 12<\/span><\/strong> Emilie Dousse, Avenir Jeunesse<br \/>\nFa\u00e7onner la Suisse de demain<\/p>\n<p class=\"p1\"><strong><span class=\"s1\"> 14<\/span><\/strong> Raphael Tobler, Swiss Start-up Association<br \/>\nLa Suisse dispose de tous les atouts n\u00e9cessaires<\/p>\n<p class=\"p1\"><strong><span class=\"s1\"> 20<\/span><\/strong> Pascal Marmier, Unlimitrust<br \/>\nUn campus pour l\u2019\u00e9conomie de la confiance<\/p>\n<p class=\"p1\"><strong><span class=\"s1\"> 22<\/span><\/strong> Markus Hammer, Venture Lab<br \/>\nLes bonnes id\u00e9es n\u00e9cessitent une structure<\/p>\n<p class=\"p1\"><strong><span class=\"s1\"> 26<\/span><\/strong> Swiss Venture Club<br \/>\nMettre en pratique des id\u00e9es audacieuses<\/p>\n<p class=\"p1\"><strong><span class=\"s1\"> 30<\/span><\/strong> IFJ \u2013 Institut f\u00fcr Jungunternehmen<br \/>\nLes principales formes juridiques, expliqu\u00e9es simplement<\/p>\n<p class=\"p1\"><strong><span class=\"s1\"> 31<\/span><\/strong> Ralph Schmidhalter, Startup weekend Switzerland<br \/>\nLe diagnostic l\u2019emporte sur la complaisance<\/p>\n<p class=\"p1\">We would like to thank the Bonny Foundation for Freedom and the PEMOL-Baumann Foundation for their support of this special issue, produced in collaboration with\u00a0<i>Schweizer Monat<\/i>.\u00a0<i>Le Regard Libre<\/i>\u00a0is responsible for writing this supplement.<\/p>\n<p><strong>Tous les articles de la pr\u00e9c\u00e9dente \u00e9dition sont \u00e9galement disponibles <a href=\"https:\/\/leregardlibre.com\/en\/ee\/\">free of charge here<\/a>.<\/strong><\/p>","protected":false},"excerpt":{"rendered":"<p>Le Regard Libre hors-s\u00e9rie N\u00b07 | \u00abPr\u00eat \u00e0 fonder ton entreprise?\u00bb Exemplaire papier Suppl\u00e9ment joint dans l\u2019\u00e9dition courante de mars&#8230;<\/p>","protected":false},"featured_media":531649,"comment_status":"open","ping_status":"closed","template":"","meta":{"_acf_changed":false},"product_brand":[],"product_cat":[644358513],"product_tag":[],"class_list":{"0":"post-531647","1":"product","2":"type-product","3":"status-publish","4":"has-post-thumbnail","6":"product_cat-hors-series","8":"first","9":"instock","10":"shipping-taxable","11":"purchasable","12":"product-type-variable"},"acf":[],"yoast_head":"<!-- This site is optimized with the Yoast SEO Premium plugin v27.4 (Yoast SEO v27.4) - https:\/\/yoast.com\/product\/yoast-seo-premium-wordpress\/ -->\n<title>Le Regard Libre hors-s\u00e9rie N\u00b07 | \u00abPr\u00eat \u00e0 fonder ton entreprise?\u00bb<\/title>\n<meta name=\"robots\" content=\"index, follow, max-snippet:-1, max-image-preview:large, max-video-preview:-1\" \/>\n<link rel=\"canonical\" href=\"https:\/\/leregardlibre.com\/en\/product\/le-regard-libre-hors-serie-n7-pret-a-fonder-ton-entreprise\/\" \/>\n<meta property=\"og:locale\" content=\"en_US\" \/>\n<meta property=\"og:type\" content=\"article\" \/>\n<meta property=\"og:title\" content=\"Le Regard Libre hors-s\u00e9rie N\u00b07 | \u00abPr\u00eat \u00e0 fonder ton entreprise?\u00bb\" \/>\n<meta property=\"og:description\" content=\"Le Regard Libre hors-s\u00e9rie N\u00b07 | \u00abPr\u00eat \u00e0 fonder ton entreprise?\u00bb Exemplaire papier Suppl\u00e9ment joint dans l\u2019\u00e9dition courante de mars...\" \/>\n<meta property=\"og:url\" content=\"https:\/\/leregardlibre.com\/en\/product\/le-regard-libre-hors-serie-n7-pret-a-fonder-ton-entreprise\/\" \/>\n<meta property=\"og:site_name\" content=\"Le Regard Libre\" \/>\n<meta property=\"article:publisher\" content=\"https:\/\/www.facebook.com\/leregardlibre\/\" \/>\n<meta property=\"article:modified_time\" content=\"2026-03-29T16:40:48+00:00\" \/>\n<meta property=\"og:image\" content=\"https:\/\/leregardlibre.com\/wp-content\/uploads\/2026\/03\/une-le-regard-libre-hors-serie-n7_ee2-scaled.jpg\" \/>\n\t<meta property=\"og:image:width\" content=\"1810\" \/>\n\t<meta property=\"og:image:height\" content=\"2560\" \/>\n\t<meta property=\"og:image:type\" content=\"image\/jpeg\" \/>\n<meta name=\"twitter:card\" content=\"summary_large_image\" \/>\n<meta name=\"twitter:site\" content=\"@LeRegardLibre\" \/>\n<meta name=\"twitter:label1\" content=\"Est. reading time\" \/>\n\t<meta name=\"twitter:data1\" content=\"2 minutes\" \/>\n<script type=\"application\/ld+json\" class=\"yoast-schema-graph\">{\"@context\":\"https:\\\/\\\/schema.org\",\"@graph\":[{\"@type\":\"WebPage\",\"@id\":\"https:\\\/\\\/leregardlibre.com\\\/produit\\\/le-regard-libre-hors-serie-n7-pret-a-fonder-ton-entreprise\\\/\",\"url\":\"https:\\\/\\\/leregardlibre.com\\\/produit\\\/le-regard-libre-hors-serie-n7-pret-a-fonder-ton-entreprise\\\/\",\"name\":\"Le Regard Libre hors-s\u00e9rie N\u00b07 | \u00abPr\u00eat \u00e0 fonder ton entreprise?\u00bb\",\"isPartOf\":{\"@id\":\"https:\\\/\\\/leregardlibre.com\\\/#website\"},\"primaryImageOfPage\":{\"@id\":\"https:\\\/\\\/leregardlibre.com\\\/produit\\\/le-regard-libre-hors-serie-n7-pret-a-fonder-ton-entreprise\\\/#primaryimage\"},\"image\":{\"@id\":\"https:\\\/\\\/leregardlibre.com\\\/produit\\\/le-regard-libre-hors-serie-n7-pret-a-fonder-ton-entreprise\\\/#primaryimage\"},\"thumbnailUrl\":\"https:\\\/\\\/leregardlibre.com\\\/wp-content\\\/uploads\\\/2026\\\/03\\\/une-le-regard-libre-hors-serie-n7_ee2-scaled.jpg\",\"datePublished\":\"2026-03-10T06:36:16+00:00\",\"dateModified\":\"2026-03-29T16:40:48+00:00\",\"breadcrumb\":{\"@id\":\"https:\\\/\\\/leregardlibre.com\\\/produit\\\/le-regard-libre-hors-serie-n7-pret-a-fonder-ton-entreprise\\\/#breadcrumb\"},\"inLanguage\":\"en-US\",\"potentialAction\":[{\"@type\":\"ReadAction\",\"target\":[\"https:\\\/\\\/leregardlibre.com\\\/produit\\\/le-regard-libre-hors-serie-n7-pret-a-fonder-ton-entreprise\\\/\"]}]},{\"@type\":\"ImageObject\",\"inLanguage\":\"en-US\",\"@id\":\"https:\\\/\\\/leregardlibre.com\\\/produit\\\/le-regard-libre-hors-serie-n7-pret-a-fonder-ton-entreprise\\\/#primaryimage\",\"url\":\"https:\\\/\\\/leregardlibre.com\\\/wp-content\\\/uploads\\\/2026\\\/03\\\/une-le-regard-libre-hors-serie-n7_ee2-scaled.jpg\",\"contentUrl\":\"https:\\\/\\\/leregardlibre.com\\\/wp-content\\\/uploads\\\/2026\\\/03\\\/une-le-regard-libre-hors-serie-n7_ee2-scaled.jpg\",\"width\":1810,\"height\":2560},{\"@type\":\"BreadcrumbList\",\"@id\":\"https:\\\/\\\/leregardlibre.com\\\/produit\\\/le-regard-libre-hors-serie-n7-pret-a-fonder-ton-entreprise\\\/#breadcrumb\",\"itemListElement\":[{\"@type\":\"ListItem\",\"position\":1,\"name\":\"Accueil\",\"item\":\"https:\\\/\\\/leregardlibre.com\\\/\"},{\"@type\":\"ListItem\",\"position\":2,\"name\":\"Boutique\",\"item\":\"https:\\\/\\\/leregardlibre.com\\\/boutique\\\/\"},{\"@type\":\"ListItem\",\"position\":3,\"name\":\"Le Regard Libre hors-s\u00e9rie N\u00b07 | \u00abPr\u00eat \u00e0 fonder ton entreprise?\u00bb\"}]},{\"@type\":\"WebSite\",\"@id\":\"https:\\\/\\\/leregardlibre.com\\\/#website\",\"url\":\"https:\\\/\\\/leregardlibre.com\\\/\",\"name\":\"Le Regard Libre\",\"description\":\"Premier mensuel suisse de d\u00e9bat\",\"publisher\":{\"@id\":\"https:\\\/\\\/leregardlibre.com\\\/#organization\"},\"potentialAction\":[{\"@type\":\"SearchAction\",\"target\":{\"@type\":\"EntryPoint\",\"urlTemplate\":\"https:\\\/\\\/leregardlibre.com\\\/?s={search_term_string}\"},\"query-input\":{\"@type\":\"PropertyValueSpecification\",\"valueRequired\":true,\"valueName\":\"search_term_string\"}}],\"inLanguage\":\"en-US\"},{\"@type\":\"Organization\",\"@id\":\"https:\\\/\\\/leregardlibre.com\\\/#organization\",\"name\":\"Le Regard Libre\",\"url\":\"https:\\\/\\\/leregardlibre.com\\\/\",\"logo\":{\"@type\":\"ImageObject\",\"inLanguage\":\"en-US\",\"@id\":\"https:\\\/\\\/leregardlibre.com\\\/#\\\/schema\\\/logo\\\/image\\\/\",\"url\":\"https:\\\/\\\/leregardlibre.com\\\/wp-content\\\/uploads\\\/2025\\\/08\\\/logo-rl-icone-neg.jpeg\",\"contentUrl\":\"https:\\\/\\\/leregardlibre.com\\\/wp-content\\\/uploads\\\/2025\\\/08\\\/logo-rl-icone-neg.jpeg\",\"width\":557,\"height\":556,\"caption\":\"Le Regard Libre\"},\"image\":{\"@id\":\"https:\\\/\\\/leregardlibre.com\\\/#\\\/schema\\\/logo\\\/image\\\/\"},\"sameAs\":[\"https:\\\/\\\/www.facebook.com\\\/leregardlibre\\\/\",\"https:\\\/\\\/x.com\\\/LeRegardLibre\",\"https:\\\/\\\/www.linkedin.com\\\/company\\\/le-regard-libre\",\"https:\\\/\\\/www.instagram.com\\\/leregardlibre\\\/\",\"http:\\\/\\\/t.me\\\/leregardlibre\",\"https:\\\/\\\/youtube.com\\\/channel\\\/UC6HzGPomj1LsUmlz-sJtITQ\"],\"description\":\"Le Regard Libre est un mensuel suisse de d\u00e9bat intellectuel et culturel. Sa r\u00e9daction est jeune, b\u00e9n\u00e9vole, lib\u00e9rale et pluraliste. Le magazine para\u00eet en ligne et sous forme papier. Sa langue est le fran\u00e7ais.\",\"email\":\"redaction@leregardlibre.com\",\"legalName\":\"Le Regard Libre\",\"foundingDate\":\"2014-01-01\",\"numberOfEmployees\":{\"@type\":\"QuantitativeValue\",\"minValue\":\"11\",\"maxValue\":\"50\"},\"publishingPrinciples\":\"https:\\\/\\\/leregardlibre.com\\\/a-propos\\\/notre-manifeste\\\/\",\"ownershipFundingInfo\":\"https:\\\/\\\/leregardlibre.com\\\/mentions-legales\\\/\",\"actionableFeedbackPolicy\":\"https:\\\/\\\/leregardlibre.com\\\/conditions-generales-de-vente\\\/\"}]}<\/script>\n<!-- \/ Yoast SEO Premium plugin. -->","yoast_head_json":{"title":"Le Regard Libre hors-s\u00e9rie N\u00b07 | \u00abPr\u00eat \u00e0 fonder ton entreprise?\u00bb","robots":{"index":"index","follow":"follow","max-snippet":"max-snippet:-1","max-image-preview":"max-image-preview:large","max-video-preview":"max-video-preview:-1"},"canonical":"https:\/\/leregardlibre.com\/en\/product\/le-regard-libre-hors-serie-n7-pret-a-fonder-ton-entreprise\/","og_locale":"en_US","og_type":"article","og_title":"Le Regard Libre hors-s\u00e9rie N\u00b07 | \u00abPr\u00eat \u00e0 fonder ton entreprise?\u00bb","og_description":"Le Regard Libre hors-s\u00e9rie N\u00b07 | \u00abPr\u00eat \u00e0 fonder ton entreprise?\u00bb Exemplaire papier Suppl\u00e9ment joint dans l\u2019\u00e9dition courante de mars...","og_url":"https:\/\/leregardlibre.com\/en\/product\/le-regard-libre-hors-serie-n7-pret-a-fonder-ton-entreprise\/","og_site_name":"Le Regard Libre","article_publisher":"https:\/\/www.facebook.com\/leregardlibre\/","article_modified_time":"2026-03-29T16:40:48+00:00","og_image":[{"width":1810,"height":2560,"url":"https:\/\/leregardlibre.com\/wp-content\/uploads\/2026\/03\/une-le-regard-libre-hors-serie-n7_ee2-scaled.jpg","type":"image\/jpeg"}],"twitter_card":"summary_large_image","twitter_site":"@LeRegardLibre","twitter_misc":{"Est. reading time":"2 minutes"},"schema":{"@context":"https:\/\/schema.org","@graph":[{"@type":"WebPage","@id":"https:\/\/leregardlibre.com\/produit\/le-regard-libre-hors-serie-n7-pret-a-fonder-ton-entreprise\/","url":"https:\/\/leregardlibre.com\/produit\/le-regard-libre-hors-serie-n7-pret-a-fonder-ton-entreprise\/","name":"Le Regard Libre hors-s\u00e9rie N\u00b07 | \u00abPr\u00eat \u00e0 fonder ton entreprise?\u00bb","isPartOf":{"@id":"https:\/\/leregardlibre.com\/#website"},"primaryImageOfPage":{"@id":"https:\/\/leregardlibre.com\/produit\/le-regard-libre-hors-serie-n7-pret-a-fonder-ton-entreprise\/#primaryimage"},"image":{"@id":"https:\/\/leregardlibre.com\/produit\/le-regard-libre-hors-serie-n7-pret-a-fonder-ton-entreprise\/#primaryimage"},"thumbnailUrl":"https:\/\/leregardlibre.com\/wp-content\/uploads\/2026\/03\/une-le-regard-libre-hors-serie-n7_ee2-scaled.jpg","datePublished":"2026-03-10T06:36:16+00:00","dateModified":"2026-03-29T16:40:48+00:00","breadcrumb":{"@id":"https:\/\/leregardlibre.com\/produit\/le-regard-libre-hors-serie-n7-pret-a-fonder-ton-entreprise\/#breadcrumb"},"inLanguage":"en-US","potentialAction":[{"@type":"ReadAction","target":["https:\/\/leregardlibre.com\/produit\/le-regard-libre-hors-serie-n7-pret-a-fonder-ton-entreprise\/"]}]},{"@type":"ImageObject","inLanguage":"en-US","@id":"https:\/\/leregardlibre.com\/produit\/le-regard-libre-hors-serie-n7-pret-a-fonder-ton-entreprise\/#primaryimage","url":"https:\/\/leregardlibre.com\/wp-content\/uploads\/2026\/03\/une-le-regard-libre-hors-serie-n7_ee2-scaled.jpg","contentUrl":"https:\/\/leregardlibre.com\/wp-content\/uploads\/2026\/03\/une-le-regard-libre-hors-serie-n7_ee2-scaled.jpg","width":1810,"height":2560},{"@type":"BreadcrumbList","@id":"https:\/\/leregardlibre.com\/produit\/le-regard-libre-hors-serie-n7-pret-a-fonder-ton-entreprise\/#breadcrumb","itemListElement":[{"@type":"ListItem","position":1,"name":"Accueil","item":"https:\/\/leregardlibre.com\/"},{"@type":"ListItem","position":2,"name":"Boutique","item":"https:\/\/leregardlibre.com\/boutique\/"},{"@type":"ListItem","position":3,"name":"Le Regard Libre hors-s\u00e9rie N\u00b07 | \u00abPr\u00eat \u00e0 fonder ton entreprise?\u00bb"}]},{"@type":"WebSite","@id":"https:\/\/leregardlibre.com\/#website","url":"https:\/\/leregardlibre.com\/","name":"Le Regard Libre","description":"Switzerland's first monthly debate magazine","publisher":{"@id":"https:\/\/leregardlibre.com\/#organization"},"potentialAction":[{"@type":"SearchAction","target":{"@type":"EntryPoint","urlTemplate":"https:\/\/leregardlibre.com\/?s={search_term_string}"},"query-input":{"@type":"PropertyValueSpecification","valueRequired":true,"valueName":"search_term_string"}}],"inLanguage":"en-US"},{"@type":"Organization","@id":"https:\/\/leregardlibre.com\/#organization","name":"Le Regard Libre","url":"https:\/\/leregardlibre.com\/","logo":{"@type":"ImageObject","inLanguage":"en-US","@id":"https:\/\/leregardlibre.com\/#\/schema\/logo\/image\/","url":"https:\/\/leregardlibre.com\/wp-content\/uploads\/2025\/08\/logo-rl-icone-neg.jpeg","contentUrl":"https:\/\/leregardlibre.com\/wp-content\/uploads\/2025\/08\/logo-rl-icone-neg.jpeg","width":557,"height":556,"caption":"Le Regard Libre"},"image":{"@id":"https:\/\/leregardlibre.com\/#\/schema\/logo\/image\/"},"sameAs":["https:\/\/www.facebook.com\/leregardlibre\/","https:\/\/x.com\/LeRegardLibre","https:\/\/www.linkedin.com\/company\/le-regard-libre","https:\/\/www.instagram.com\/leregardlibre\/","http:\/\/t.me\/leregardlibre","https:\/\/youtube.com\/channel\/UC6HzGPomj1LsUmlz-sJtITQ"],"description":"Le Regard Libre is a Swiss monthly magazine for intellectual and cultural debate. Its editorial team is young, voluntary, liberal and pluralist. The magazine appears online and in print. Its language is French.","email":"redaction@leregardlibre.com","legalName":"Le Regard Libre","foundingDate":"2014-01-01","numberOfEmployees":{"@type":"QuantitativeValue","minValue":"11","maxValue":"50"},"publishingPrinciples":"https:\/\/leregardlibre.com\/a-propos\/notre-manifeste\/","ownershipFundingInfo":"https:\/\/leregardlibre.com\/mentions-legales\/","actionableFeedbackPolicy":"https:\/\/leregardlibre.com\/conditions-generales-de-vente\/"}]}},"_links":{"self":[{"href":"https:\/\/leregardlibre.com\/en\/wp-json\/wp\/v2\/product\/531647","targetHints":{"allow":["GET"]}}],"collection":[{"href":"https:\/\/leregardlibre.com\/en\/wp-json\/wp\/v2\/product"}],"about":[{"href":"https:\/\/leregardlibre.com\/en\/wp-json\/wp\/v2\/types\/product"}],"replies":[{"embeddable":true,"href":"https:\/\/leregardlibre.com\/en\/wp-json\/wp\/v2\/comments?post=531647"}],"wp:featuredmedia":[{"embeddable":true,"href":"https:\/\/leregardlibre.com\/en\/wp-json\/wp\/v2\/media\/531649"}],"wp:attachment":[{"href":"https:\/\/leregardlibre.com\/en\/wp-json\/wp\/v2\/media?parent=531647"}],"wp:term":[{"taxonomy":"product_brand","embeddable":true,"href":"https:\/\/leregardlibre.com\/en\/wp-json\/wp\/v2\/product_brand?post=531647"},{"taxonomy":"product_cat","embeddable":true,"href":"https:\/\/leregardlibre.com\/en\/wp-json\/wp\/v2\/product_cat?post=531647"},{"taxonomy":"product_tag","embeddable":true,"href":"https:\/\/leregardlibre.com\/en\/wp-json\/wp\/v2\/product_tag?post=531647"}],"curies":[{"name":"wp","href":"https:\/\/api.w.org\/{rel}","templated":true}]}}