{"id":532373,"date":"2026-05-05T17:50:20","date_gmt":"2026-05-05T15:50:20","guid":{"rendered":"https:\/\/leregardlibre.com\/?post_type=product&#038;p=532373"},"modified":"2026-05-10T02:21:03","modified_gmt":"2026-05-10T00:21:03","slug":"le-regard-libre-n126-dossier-le-plaisir-face-a-la-sante","status":"publish","type":"product","link":"https:\/\/leregardlibre.com\/en\/product\/le-regard-libre-n126-dossier-le-plaisir-face-a-la-sante\/","title":{"rendered":"Le Regard Libre N\u00b0126 | Dossier \u00abLe plaisir face \u00e0 la sant\u00e9\u00bb (in French)\u00bb"},"content":{"rendered":"<p><em>Le Regard Libre<\/em> N\u00b0126 | \u00abPleasure and health\u00bb special report\u00bb<br \/>\nPaper copy<br \/>\nMay 2026 edition<br \/>\nChic paper magazine format<\/p>\n<hr \/>\n<p class=\"p1\"><strong><span class=\"s1\">Opinions and reflections<br \/>\n<\/span><\/strong><span class=\"s1\">05<\/span> Editorial by Jonas Follonier: Continuing the fight for pluralism<br \/>\n<span class=\"s1\">07<\/span> Pascal Couchepin's reading: 1871, Paris in fever<br \/>\n<span class=\"s1\">08<\/span> Disagree: AI skills insurance for all assets?<br \/>\n<span class=\"s1\">09<\/span> <span class=\"s2\">Essay of the month: How to combine neoliberalism, illiberalism and fascism<br \/>\n<\/span><span class=\"s1\">10<\/span> <span class=\"s2\">What Switzerland for 2050? Interview with Alexander Barth, President of Rivella<br \/>\n<\/span><span class=\"s1\">16<\/span> In praise of freethinkers<\/p>\n<p class=\"p4\"><strong><span class=\"s1\">Dossier: Health and pleasure<br \/>\n<\/span><\/strong>22 Health is not our most precious asset<br \/>\n26 The dangerous illusion of fully measurable health<br \/>\n28 The bon vivant in the age of healthy living<br \/>\n30 Geneva, capital of hygiene<\/p>\n<p class=\"p1\"><strong><span class=\"s1\">Culture and notebooks<br \/>\n<\/span><\/strong>34 Trope setting: Coco Mellors, the blues of a broken sisterhood<br \/>\n36 Libert\u00e9 dans l'objectif: Coming soon to your screens, <em>Operation Epic Fail<\/em><br \/>\n38 What the\u2019<em>Atlas of Waldensian History<\/em><br \/>\n42 A key figure in Switzerland's sound heritage<br \/>\n44 Bernard L\u00e9chot's photo essay: Rizi\u00e8res d'ici<br \/>\n50 In brief: A liberal composer, \u00abno kids\u00bb wagons and a ChatGPT joke<\/p>\n<p class=\"p1\"><span class=\"s2\">52<\/span> Subscription and sponsorship<br \/>\n<span class=\"s2\">54<\/span> Quotes<\/p>","protected":false},"excerpt":{"rendered":"<p>Le Regard Libre N\u00b0126 | Dossier \u00abLe plaisir face \u00e0 la sant\u00e9\u00bb Exemplaire papier Edition de mai 2026 Format magazine&#8230;<\/p>","protected":false},"featured_media":532376,"comment_status":"open","ping_status":"closed","template":"","meta":{"_acf_changed":false},"product_brand":[],"product_cat":[644340392],"product_tag":[],"class_list":{"0":"post-532373","1":"product","2":"type-product","3":"status-publish","4":"has-post-thumbnail","6":"product_cat-numeros","8":"first","9":"instock","10":"shipping-taxable","11":"purchasable","12":"product-type-variable"},"acf":[],"yoast_head":"<!-- This site is optimized with the Yoast SEO Premium plugin v27.4 (Yoast SEO v27.4) - https:\/\/yoast.com\/product\/yoast-seo-premium-wordpress\/ -->\n<title>Le Regard Libre N\u00b0126 | Dossier \u00abLe plaisir face \u00e0 la sant\u00e9\u00bb<\/title>\n<meta name=\"robots\" content=\"index, follow, max-snippet:-1, max-image-preview:large, max-video-preview:-1\" \/>\n<link rel=\"canonical\" href=\"https:\/\/leregardlibre.com\/en\/product\/le-regard-libre-n126-dossier-le-plaisir-face-a-la-sante\/\" \/>\n<meta property=\"og:locale\" content=\"en_US\" \/>\n<meta property=\"og:type\" content=\"article\" \/>\n<meta property=\"og:title\" content=\"Le Regard Libre N\u00b0126 | Dossier \u00abLe plaisir face \u00e0 la sant\u00e9\u00bb\" \/>\n<meta property=\"og:description\" content=\"Le Regard Libre N\u00b0126 | Dossier \u00abLe plaisir face \u00e0 la sant\u00e9\u00bb Exemplaire papier Edition de mai 2026 Format magazine...\" \/>\n<meta property=\"og:url\" content=\"https:\/\/leregardlibre.com\/en\/product\/le-regard-libre-n126-dossier-le-plaisir-face-a-la-sante\/\" \/>\n<meta property=\"og:site_name\" content=\"Le Regard Libre\" \/>\n<meta property=\"article:publisher\" content=\"https:\/\/www.facebook.com\/leregardlibre\/\" \/>\n<meta property=\"article:modified_time\" content=\"2026-05-10T00:21:03+00:00\" \/>\n<meta property=\"og:image\" content=\"https:\/\/leregardlibre.com\/wp-content\/uploads\/2026\/05\/une-le-regard-libre-n-126-scaled.jpg\" \/>\n\t<meta property=\"og:image:width\" content=\"1810\" \/>\n\t<meta property=\"og:image:height\" content=\"2560\" \/>\n\t<meta property=\"og:image:type\" content=\"image\/jpeg\" \/>\n<meta name=\"twitter:card\" content=\"summary_large_image\" \/>\n<meta name=\"twitter:site\" content=\"@LeRegardLibre\" \/>\n<meta name=\"twitter:label1\" content=\"Est. reading time\" \/>\n\t<meta name=\"twitter:data1\" content=\"2 minutes\" \/>\n<script type=\"application\/ld+json\" class=\"yoast-schema-graph\">{\"@context\":\"https:\\\/\\\/schema.org\",\"@graph\":[{\"@type\":\"WebPage\",\"@id\":\"https:\\\/\\\/leregardlibre.com\\\/produit\\\/le-regard-libre-n126-dossier-le-plaisir-face-a-la-sante\\\/\",\"url\":\"https:\\\/\\\/leregardlibre.com\\\/produit\\\/le-regard-libre-n126-dossier-le-plaisir-face-a-la-sante\\\/\",\"name\":\"Le Regard Libre N\u00b0126 | Dossier \u00abLe plaisir face \u00e0 la sant\u00e9\u00bb\",\"isPartOf\":{\"@id\":\"https:\\\/\\\/leregardlibre.com\\\/#website\"},\"primaryImageOfPage\":{\"@id\":\"https:\\\/\\\/leregardlibre.com\\\/produit\\\/le-regard-libre-n126-dossier-le-plaisir-face-a-la-sante\\\/#primaryimage\"},\"image\":{\"@id\":\"https:\\\/\\\/leregardlibre.com\\\/produit\\\/le-regard-libre-n126-dossier-le-plaisir-face-a-la-sante\\\/#primaryimage\"},\"thumbnailUrl\":\"https:\\\/\\\/leregardlibre.com\\\/wp-content\\\/uploads\\\/2026\\\/05\\\/une-le-regard-libre-n-126-scaled.jpg\",\"datePublished\":\"2026-05-05T15:50:20+00:00\",\"dateModified\":\"2026-05-10T00:21:03+00:00\",\"breadcrumb\":{\"@id\":\"https:\\\/\\\/leregardlibre.com\\\/produit\\\/le-regard-libre-n126-dossier-le-plaisir-face-a-la-sante\\\/#breadcrumb\"},\"inLanguage\":\"en-US\",\"potentialAction\":[{\"@type\":\"ReadAction\",\"target\":[\"https:\\\/\\\/leregardlibre.com\\\/produit\\\/le-regard-libre-n126-dossier-le-plaisir-face-a-la-sante\\\/\"]}]},{\"@type\":\"ImageObject\",\"inLanguage\":\"en-US\",\"@id\":\"https:\\\/\\\/leregardlibre.com\\\/produit\\\/le-regard-libre-n126-dossier-le-plaisir-face-a-la-sante\\\/#primaryimage\",\"url\":\"https:\\\/\\\/leregardlibre.com\\\/wp-content\\\/uploads\\\/2026\\\/05\\\/une-le-regard-libre-n-126-scaled.jpg\",\"contentUrl\":\"https:\\\/\\\/leregardlibre.com\\\/wp-content\\\/uploads\\\/2026\\\/05\\\/une-le-regard-libre-n-126-scaled.jpg\",\"width\":1810,\"height\":2560},{\"@type\":\"BreadcrumbList\",\"@id\":\"https:\\\/\\\/leregardlibre.com\\\/produit\\\/le-regard-libre-n126-dossier-le-plaisir-face-a-la-sante\\\/#breadcrumb\",\"itemListElement\":[{\"@type\":\"ListItem\",\"position\":1,\"name\":\"Accueil\",\"item\":\"https:\\\/\\\/leregardlibre.com\\\/\"},{\"@type\":\"ListItem\",\"position\":2,\"name\":\"Boutique\",\"item\":\"https:\\\/\\\/leregardlibre.com\\\/boutique\\\/\"},{\"@type\":\"ListItem\",\"position\":3,\"name\":\"Le Regard Libre N\u00b0126 | Dossier \u00abLe plaisir face \u00e0 la sant\u00e9\u00bb\"}]},{\"@type\":\"WebSite\",\"@id\":\"https:\\\/\\\/leregardlibre.com\\\/#website\",\"url\":\"https:\\\/\\\/leregardlibre.com\\\/\",\"name\":\"Le Regard Libre\",\"description\":\"Premier mensuel suisse de d\u00e9bat\",\"publisher\":{\"@id\":\"https:\\\/\\\/leregardlibre.com\\\/#organization\"},\"potentialAction\":[{\"@type\":\"SearchAction\",\"target\":{\"@type\":\"EntryPoint\",\"urlTemplate\":\"https:\\\/\\\/leregardlibre.com\\\/?s={search_term_string}\"},\"query-input\":{\"@type\":\"PropertyValueSpecification\",\"valueRequired\":true,\"valueName\":\"search_term_string\"}}],\"inLanguage\":\"en-US\"},{\"@type\":\"Organization\",\"@id\":\"https:\\\/\\\/leregardlibre.com\\\/#organization\",\"name\":\"Le Regard Libre\",\"url\":\"https:\\\/\\\/leregardlibre.com\\\/\",\"logo\":{\"@type\":\"ImageObject\",\"inLanguage\":\"en-US\",\"@id\":\"https:\\\/\\\/leregardlibre.com\\\/#\\\/schema\\\/logo\\\/image\\\/\",\"url\":\"https:\\\/\\\/leregardlibre.com\\\/wp-content\\\/uploads\\\/2025\\\/08\\\/logo-rl-icone-neg.jpeg\",\"contentUrl\":\"https:\\\/\\\/leregardlibre.com\\\/wp-content\\\/uploads\\\/2025\\\/08\\\/logo-rl-icone-neg.jpeg\",\"width\":557,\"height\":556,\"caption\":\"Le Regard Libre\"},\"image\":{\"@id\":\"https:\\\/\\\/leregardlibre.com\\\/#\\\/schema\\\/logo\\\/image\\\/\"},\"sameAs\":[\"https:\\\/\\\/www.facebook.com\\\/leregardlibre\\\/\",\"https:\\\/\\\/x.com\\\/LeRegardLibre\",\"https:\\\/\\\/www.linkedin.com\\\/company\\\/le-regard-libre\",\"https:\\\/\\\/www.instagram.com\\\/leregardlibre\\\/\",\"http:\\\/\\\/t.me\\\/leregardlibre\",\"https:\\\/\\\/youtube.com\\\/channel\\\/UC6HzGPomj1LsUmlz-sJtITQ\"],\"description\":\"Le Regard Libre est un mensuel suisse de d\u00e9bat intellectuel et culturel. Sa r\u00e9daction est jeune, b\u00e9n\u00e9vole, lib\u00e9rale et pluraliste. Le magazine para\u00eet en ligne et sous forme papier. Sa langue est le fran\u00e7ais.\",\"email\":\"redaction@leregardlibre.com\",\"legalName\":\"Le Regard Libre\",\"foundingDate\":\"2014-01-01\",\"numberOfEmployees\":{\"@type\":\"QuantitativeValue\",\"minValue\":\"11\",\"maxValue\":\"50\"},\"publishingPrinciples\":\"https:\\\/\\\/leregardlibre.com\\\/a-propos\\\/notre-manifeste\\\/\",\"ownershipFundingInfo\":\"https:\\\/\\\/leregardlibre.com\\\/mentions-legales\\\/\",\"actionableFeedbackPolicy\":\"https:\\\/\\\/leregardlibre.com\\\/conditions-generales-de-vente\\\/\"}]}<\/script>\n<!-- \/ Yoast SEO Premium plugin. -->","yoast_head_json":{"title":"Le Regard Libre N\u00b0126 | Dossier \u00abLe plaisir face \u00e0 la sant\u00e9\u00bb (in French)\u00bb","robots":{"index":"index","follow":"follow","max-snippet":"max-snippet:-1","max-image-preview":"max-image-preview:large","max-video-preview":"max-video-preview:-1"},"canonical":"https:\/\/leregardlibre.com\/en\/product\/le-regard-libre-n126-dossier-le-plaisir-face-a-la-sante\/","og_locale":"en_US","og_type":"article","og_title":"Le Regard Libre N\u00b0126 | Dossier \u00abLe plaisir face \u00e0 la sant\u00e9\u00bb","og_description":"Le Regard Libre N\u00b0126 | Dossier \u00abLe plaisir face \u00e0 la sant\u00e9\u00bb Exemplaire papier Edition de mai 2026 Format magazine...","og_url":"https:\/\/leregardlibre.com\/en\/product\/le-regard-libre-n126-dossier-le-plaisir-face-a-la-sante\/","og_site_name":"Le Regard Libre","article_publisher":"https:\/\/www.facebook.com\/leregardlibre\/","article_modified_time":"2026-05-10T00:21:03+00:00","og_image":[{"width":1810,"height":2560,"url":"https:\/\/leregardlibre.com\/wp-content\/uploads\/2026\/05\/une-le-regard-libre-n-126-scaled.jpg","type":"image\/jpeg"}],"twitter_card":"summary_large_image","twitter_site":"@LeRegardLibre","twitter_misc":{"Est. reading time":"2 minutes"},"schema":{"@context":"https:\/\/schema.org","@graph":[{"@type":"WebPage","@id":"https:\/\/leregardlibre.com\/produit\/le-regard-libre-n126-dossier-le-plaisir-face-a-la-sante\/","url":"https:\/\/leregardlibre.com\/produit\/le-regard-libre-n126-dossier-le-plaisir-face-a-la-sante\/","name":"Le Regard Libre N\u00b0126 | Dossier \u00abLe plaisir face \u00e0 la sant\u00e9\u00bb (in French)\u00bb","isPartOf":{"@id":"https:\/\/leregardlibre.com\/#website"},"primaryImageOfPage":{"@id":"https:\/\/leregardlibre.com\/produit\/le-regard-libre-n126-dossier-le-plaisir-face-a-la-sante\/#primaryimage"},"image":{"@id":"https:\/\/leregardlibre.com\/produit\/le-regard-libre-n126-dossier-le-plaisir-face-a-la-sante\/#primaryimage"},"thumbnailUrl":"https:\/\/leregardlibre.com\/wp-content\/uploads\/2026\/05\/une-le-regard-libre-n-126-scaled.jpg","datePublished":"2026-05-05T15:50:20+00:00","dateModified":"2026-05-10T00:21:03+00:00","breadcrumb":{"@id":"https:\/\/leregardlibre.com\/produit\/le-regard-libre-n126-dossier-le-plaisir-face-a-la-sante\/#breadcrumb"},"inLanguage":"en-US","potentialAction":[{"@type":"ReadAction","target":["https:\/\/leregardlibre.com\/produit\/le-regard-libre-n126-dossier-le-plaisir-face-a-la-sante\/"]}]},{"@type":"ImageObject","inLanguage":"en-US","@id":"https:\/\/leregardlibre.com\/produit\/le-regard-libre-n126-dossier-le-plaisir-face-a-la-sante\/#primaryimage","url":"https:\/\/leregardlibre.com\/wp-content\/uploads\/2026\/05\/une-le-regard-libre-n-126-scaled.jpg","contentUrl":"https:\/\/leregardlibre.com\/wp-content\/uploads\/2026\/05\/une-le-regard-libre-n-126-scaled.jpg","width":1810,"height":2560},{"@type":"BreadcrumbList","@id":"https:\/\/leregardlibre.com\/produit\/le-regard-libre-n126-dossier-le-plaisir-face-a-la-sante\/#breadcrumb","itemListElement":[{"@type":"ListItem","position":1,"name":"Accueil","item":"https:\/\/leregardlibre.com\/"},{"@type":"ListItem","position":2,"name":"Boutique","item":"https:\/\/leregardlibre.com\/boutique\/"},{"@type":"ListItem","position":3,"name":"Le Regard Libre N\u00b0126 | Dossier \u00abLe plaisir face \u00e0 la sant\u00e9\u00bb"}]},{"@type":"WebSite","@id":"https:\/\/leregardlibre.com\/#website","url":"https:\/\/leregardlibre.com\/","name":"Le Regard Libre","description":"Switzerland's first monthly debate magazine","publisher":{"@id":"https:\/\/leregardlibre.com\/#organization"},"potentialAction":[{"@type":"SearchAction","target":{"@type":"EntryPoint","urlTemplate":"https:\/\/leregardlibre.com\/?s={search_term_string}"},"query-input":{"@type":"PropertyValueSpecification","valueRequired":true,"valueName":"search_term_string"}}],"inLanguage":"en-US"},{"@type":"Organization","@id":"https:\/\/leregardlibre.com\/#organization","name":"Le Regard Libre","url":"https:\/\/leregardlibre.com\/","logo":{"@type":"ImageObject","inLanguage":"en-US","@id":"https:\/\/leregardlibre.com\/#\/schema\/logo\/image\/","url":"https:\/\/leregardlibre.com\/wp-content\/uploads\/2025\/08\/logo-rl-icone-neg.jpeg","contentUrl":"https:\/\/leregardlibre.com\/wp-content\/uploads\/2025\/08\/logo-rl-icone-neg.jpeg","width":557,"height":556,"caption":"Le Regard Libre"},"image":{"@id":"https:\/\/leregardlibre.com\/#\/schema\/logo\/image\/"},"sameAs":["https:\/\/www.facebook.com\/leregardlibre\/","https:\/\/x.com\/LeRegardLibre","https:\/\/www.linkedin.com\/company\/le-regard-libre","https:\/\/www.instagram.com\/leregardlibre\/","http:\/\/t.me\/leregardlibre","https:\/\/youtube.com\/channel\/UC6HzGPomj1LsUmlz-sJtITQ"],"description":"Le Regard Libre is a Swiss monthly magazine for intellectual and cultural debate. Its editorial team is young, voluntary, liberal and pluralist. The magazine appears online and in print. Its language is French.","email":"redaction@leregardlibre.com","legalName":"Le Regard Libre","foundingDate":"2014-01-01","numberOfEmployees":{"@type":"QuantitativeValue","minValue":"11","maxValue":"50"},"publishingPrinciples":"https:\/\/leregardlibre.com\/a-propos\/notre-manifeste\/","ownershipFundingInfo":"https:\/\/leregardlibre.com\/mentions-legales\/","actionableFeedbackPolicy":"https:\/\/leregardlibre.com\/conditions-generales-de-vente\/"}]}},"_links":{"self":[{"href":"https:\/\/leregardlibre.com\/en\/wp-json\/wp\/v2\/product\/532373","targetHints":{"allow":["GET"]}}],"collection":[{"href":"https:\/\/leregardlibre.com\/en\/wp-json\/wp\/v2\/product"}],"about":[{"href":"https:\/\/leregardlibre.com\/en\/wp-json\/wp\/v2\/types\/product"}],"replies":[{"embeddable":true,"href":"https:\/\/leregardlibre.com\/en\/wp-json\/wp\/v2\/comments?post=532373"}],"wp:featuredmedia":[{"embeddable":true,"href":"https:\/\/leregardlibre.com\/en\/wp-json\/wp\/v2\/media\/532376"}],"wp:attachment":[{"href":"https:\/\/leregardlibre.com\/en\/wp-json\/wp\/v2\/media?parent=532373"}],"wp:term":[{"taxonomy":"product_brand","embeddable":true,"href":"https:\/\/leregardlibre.com\/en\/wp-json\/wp\/v2\/product_brand?post=532373"},{"taxonomy":"product_cat","embeddable":true,"href":"https:\/\/leregardlibre.com\/en\/wp-json\/wp\/v2\/product_cat?post=532373"},{"taxonomy":"product_tag","embeddable":true,"href":"https:\/\/leregardlibre.com\/en\/wp-json\/wp\/v2\/product_tag?post=532373"}],"curies":[{"name":"wp","href":"https:\/\/api.w.org\/{rel}","templated":true}]}}